{"id":124,"date":"2021-03-17T14:22:48","date_gmt":"2021-03-17T13:22:48","guid":{"rendered":"https:\/\/intermife.fr\/intermifeaura\/?page_id=124"},"modified":"2024-10-04T13:39:22","modified_gmt":"2024-10-04T11:39:22","slug":"nos-prestations","status":"publish","type":"page","link":"https:\/\/intermife.fr\/intermifeaura\/nos-prestations\/","title":{"rendered":"Nos prestations"},"content":{"rendered":"<p>Le r\u00e9seau des MIFE propose des prestations de conseil et d&#8217;accompagnement :<\/p>\n<ul>\n<li>des bilans professionnels<\/li>\n<li>des bilans entrepreneuriaux<\/li>\n<li>des accompagnements VAE<\/li>\n<li>de la professionnalisation<\/li>\n<\/ul>\n<p>T\u00e9l\u00e9chargez ici nos<span style=\"font-size: 14pt; color: #333399;\"><em><strong> <a style=\"color: #333399;\" href=\"https:\/\/intermife.fr\/intermifeaura\/wp-content\/uploads\/sites\/2\/2024\/09\/CGV-18062020.pdf\">conditions g\u00e9n\u00e9rales de vente<\/a><\/strong><\/em> <\/span>et le<span style=\"font-size: 14pt; color: #333399;\"><em><strong> <a style=\"color: #333399;\" href=\"https:\/\/intermife.fr\/intermifeaura\/wp-content\/uploads\/sites\/2\/2024\/10\/Reglement-interieur-Aura.pdf\">r\u00e8glement int\u00e9rieur<\/a><\/strong><\/em><\/span><\/p>\n","protected":false},"excerpt":{"rendered":"<p>Le r\u00e9seau des MIFE propose des prestations de conseil et d&#8217;accompagnement : des bilans professionnels des bilans entrepreneuriaux des accompagnements VAE de la professionnalisation T\u00e9l\u00e9chargez ici nos conditions g\u00e9n\u00e9rales de vente et le r\u00e8glement int\u00e9rieur<\/p>\n","protected":false},"author":3,"featured_media":0,"parent":0,"menu_order":0,"comment_status":"closed","ping_status":"closed","template":"","meta":[],"_links":{"self":[{"href":"https:\/\/intermife.fr\/intermifeaura\/wp-json\/wp\/v2\/pages\/124"}],"collection":[{"href":"https:\/\/intermife.fr\/intermifeaura\/wp-json\/wp\/v2\/pages"}],"about":[{"href":"https:\/\/intermife.fr\/intermifeaura\/wp-json\/wp\/v2\/types\/page"}],"author":[{"embeddable":true,"href":"https:\/\/intermife.fr\/intermifeaura\/wp-json\/wp\/v2\/users\/3"}],"replies":[{"embeddable":true,"href":"https:\/\/intermife.fr\/intermifeaura\/wp-json\/wp\/v2\/comments?post=124"}],"version-history":[{"count":10,"href":"https:\/\/intermife.fr\/intermifeaura\/wp-json\/wp\/v2\/pages\/124\/revisions"}],"predecessor-version":[{"id":893,"href":"https:\/\/intermife.fr\/intermifeaura\/wp-json\/wp\/v2\/pages\/124\/revisions\/893"}],"wp:attachment":[{"href":"https:\/\/intermife.fr\/intermifeaura\/wp-json\/wp\/v2\/media?parent=124"}],"curies":[{"name":"wp","href":"https:\/\/api.w.org\/{rel}","templated":true}]}}