{"id":135,"date":"2021-03-17T15:22:48","date_gmt":"2021-03-17T14:22:48","guid":{"rendered":"https:\/\/intermife.fr\/intermifeaura\/?page_id=135"},"modified":"2023-01-18T09:34:17","modified_gmt":"2023-01-18T08:34:17","slug":"accompagnement-vae-en-distanciel","status":"publish","type":"page","link":"https:\/\/intermife.fr\/intermifeaura\/nos-prestations\/accompagnement-vae\/accompagnement-vae-en-distanciel\/","title":{"rendered":"Accompagnement VAE en distanciel"},"content":{"rendered":"<p style=\"text-align: center\"><span style=\"color: #2e3192\"><strong>OBJECTIFS<\/strong><\/span><\/p>\n<p>Appui m\u00e9thodologique \u00e0 la r\u00e9daction du livret 2 avec la description des diff\u00e9rentes activit\u00e9s du candidat, mise en \u00e9vidence des comp\u00e9tences acquises, compr\u00e9hension et utilisation du r\u00e9f\u00e9rentiel et pr\u00e9paration \u00e0 l&#8217;entretien avec le jury.<\/p>\n<p style=\"text-align: center\"><span style=\"color: #2e3192\"><strong>PUBLIC\u00a0<\/strong><\/span><\/p>\n<p>Tout public voulant s\u2019engager dans une VAE<br \/>\n<strong>Pr\u00e9 requis\u00a0:<\/strong>\u00a0Maitrise des outils n\u00e9cessaires au travail \u00e0 distance (ordinateur, t\u00e9l\u00e9phone, tablette, logiciels de visio-conf\u00e9rence, mails, navigation internet, etc.) Etre en possession de la recevabilit\u00e9<\/p>\n<p><strong>D\u00e9lai d\u2019acc\u00e8s\u00a0:<\/strong> un premier rendez vous est propos\u00e9 dans les 20 jours<br \/>\n<strong>Dur\u00e9e : <\/strong>Le calendrier est d\u00e9fini en fonction des besoins du candidat,\u00a0 des dates d\u00e9finies par les certificateurs et de la certification choisie.<br \/>\nDe 20h \u00e0 24h &#8211; Entre 4 et 12 mois<\/p>\n<p style=\"text-align: center\"><span style=\"color: #2e3192\"><strong>TARIF<\/strong><\/span><\/p>\n<p>Selon le nombre d\u2019heures d\u00e9fini avec le candidat (1260 \u00e0\u00a0 1512 euros)<br \/>\n1260 euros (20 heures) &#8211; \u00c9ligible au CPF : code\u00a0 200\u00a0 (Des solutions de financement existent- <strong><em>nous consulter<\/em><\/strong>)<\/p>\n<p style=\"text-align: center\"><span style=\"color: #2e3192\"><strong>CONTENU<\/strong><\/span><\/p>\n<p>Description du livret \u00e0 remplir et analyse du parcours du candidat<br \/>\nPr\u00e9senter le livret 2 et ses diff\u00e9rentes parties<br \/>\nS\u2019approprier le r\u00e9f\u00e9rentiel de la certification vis\u00e9e<br \/>\nFaire des choix sur les situations professionnelles \u00e0 d\u00e9velopper<\/p>\n<p><strong>Appui \u00e0 la r\u00e9daction du livret 2<\/strong><\/p>\n<p>Prendre conscience de son cadre d\u2019intervention et\/ou son environnement de travail et du r\u00f4le qu\u2019on y joue<br \/>\nAccompagner le\/la candidat.e dans l\u2019explicitation des situations<br \/>\nValoriser les comp\u00e9tences acquises<br \/>\nGuidance\u00a0 tout au long de la r\u00e9daction du livret\u00a0: lecture r\u00e9guli\u00e8re du dossier, apports m\u00e9thodologiques, etc.<br \/>\nAppui technique\u00a0: la mise en page, insertion d\u2019objet, etc.<br \/>\nAide \u00e0 l\u2019\u00e9laboration d\u2019une bibliographie<br \/>\nMaintenir la mobilisation du\/la candidat.e tout au long du parcours<\/p>\n<p><strong>Pr\u00e9paration au jury<\/strong><\/p>\n<p>Permettre au candidat.e d\u2019identifier les points importants \u00e0 transmettre lors du passage devant le jury<br \/>\nApports th\u00e9oriques<\/p>\n<p><strong>Entretien post jury<\/strong><\/p>\n<p>Faire l\u2019analyse du r\u00e9sultat et des pr\u00e9conisations du jury<\/p>\n<p style=\"text-align: center\"><span style=\"color: #2e3192\"><strong>MODALIT\u00c9S P\u00c9DAGOGIQUES<\/strong><\/span><\/p>\n<p><em>La personne est actrice de son parcours, et cr\u00e9atrice de son devenir professionnel, elle va mobiliser au fil de ses exp\u00e9riences, diff\u00e9rents apprentissages et acqu\u00e9rir de nouvelles comp\u00e9tences<\/em><\/p>\n<p>Le\/la candidat.e est accompagn\u00e9.e par un conseiller\/r\u00e9f\u00e9rent unique, expert en VAE qui \u00e9tablit avec la personne et \u00e0 partir du diagnostic partag\u00e9 la feuille de route<\/p>\n<p>P\u00e9dagogie active et participative<\/p>\n<p>Entretiens individuels\u00a0 et\/ou collectif \u00e0 distance par Visio, par t\u00e9l\u00e9phone ou mail.<\/p>\n<p style=\"text-align: center\"><span style=\"color: #2e3192\"><strong>\u00c9VALUATION<\/strong><\/span><\/p>\n<p>Tout au long du parcours en fonction des objectifs d\u00e9finis lors de l\u2019entretien de diagnostic, enqu\u00eate de satisfaction<\/p>\n<p>Pour plus d&#8217;informations <strong><em>nous contacter<\/em><\/strong><\/p>\n<p><a href=\"https:\/\/intermife.fr\/intermifeaura\/wp-content\/uploads\/sites\/2\/2023\/01\/FICHE_PRODUIT_ACCT_A-DISTANCE-VIntermife-AuRA.pdf\" target=\"_blank\" rel=\"noopener\"><span style=\"color: #2e3192\"><em><strong>T\u00e9l\u00e9charger la plaquette<\/strong><\/em><\/span><\/a><\/p>\n","protected":false},"excerpt":{"rendered":"<p>OBJECTIFS Appui m\u00e9thodologique \u00e0 la r\u00e9daction du livret 2 avec la description des diff\u00e9rentes activit\u00e9s du candidat, mise en \u00e9vidence des comp\u00e9tences acquises, compr\u00e9hension et utilisation du r\u00e9f\u00e9rentiel et pr\u00e9paration \u00e0 l&#8217;entretien avec le jury. PUBLIC\u00a0 Tout public voulant s\u2019engager dans une VAE Pr\u00e9 requis\u00a0:\u00a0Maitrise des outils n\u00e9cessaires au travail \u00e0 distance (ordinateur, t\u00e9l\u00e9phone, tablette, [&hellip;]<\/p>\n","protected":false},"author":3,"featured_media":0,"parent":127,"menu_order":0,"comment_status":"closed","ping_status":"closed","template":"","meta":[],"_links":{"self":[{"href":"https:\/\/intermife.fr\/intermifeaura\/wp-json\/wp\/v2\/pages\/135"}],"collection":[{"href":"https:\/\/intermife.fr\/intermifeaura\/wp-json\/wp\/v2\/pages"}],"about":[{"href":"https:\/\/intermife.fr\/intermifeaura\/wp-json\/wp\/v2\/types\/page"}],"author":[{"embeddable":true,"href":"https:\/\/intermife.fr\/intermifeaura\/wp-json\/wp\/v2\/users\/3"}],"replies":[{"embeddable":true,"href":"https:\/\/intermife.fr\/intermifeaura\/wp-json\/wp\/v2\/comments?post=135"}],"version-history":[{"count":4,"href":"https:\/\/intermife.fr\/intermifeaura\/wp-json\/wp\/v2\/pages\/135\/revisions"}],"predecessor-version":[{"id":544,"href":"https:\/\/intermife.fr\/intermifeaura\/wp-json\/wp\/v2\/pages\/135\/revisions\/544"}],"up":[{"embeddable":true,"href":"https:\/\/intermife.fr\/intermifeaura\/wp-json\/wp\/v2\/pages\/127"}],"wp:attachment":[{"href":"https:\/\/intermife.fr\/intermifeaura\/wp-json\/wp\/v2\/media?parent=135"}],"curies":[{"name":"wp","href":"https:\/\/api.w.org\/{rel}","templated":true}]}}