{"id":141,"date":"2021-03-17T15:28:53","date_gmt":"2021-03-17T14:28:53","guid":{"rendered":"https:\/\/intermife.fr\/intermifeaura\/?page_id=141"},"modified":"2023-01-18T09:30:23","modified_gmt":"2023-01-18T08:30:23","slug":"accompagnement-post-jury","status":"publish","type":"page","link":"https:\/\/intermife.fr\/intermifeaura\/nos-prestations\/accompagnement-vae\/accompagnement-post-jury\/","title":{"rendered":"Accompagnement Post Jury"},"content":{"rendered":"<p style=\"text-align: center\"><span style=\"color: #2e3192\"><strong>OBJECTIFS<\/strong><\/span><\/p>\n<p>Accompagner un.e candidat.e dans la poursuite de son projet\/parcours de VAE apr\u00e8s avoir fait un premier passage devant le jury en ayant obtenu une validation partielle ou aucune validation<\/p>\n<p style=\"text-align: center\"><span style=\"color: #2e3192\"><strong>PUBLIC\u00a0<\/strong><\/span><\/p>\n<p>Tout public ayant eu une validation partielle ou aucune validation devant le jury<br \/>\n<strong>Pr\u00e9 requis\u00a0:<\/strong>\u00a0Candidat.e.s ayant une validation partielle ou aucune validation. \u00catre titulaire de la notification de d\u00e9cision et de pr\u00e9conisation du\u00a0 jury<\/p>\n<p><strong>D\u00e9lai d\u2019acc\u00e8s\u00a0:<\/strong> un premier rendez vous est propos\u00e9 dans les 20 jours<br \/>\n<strong>Dur\u00e9e : <\/strong>Le calendrier est d\u00e9fini en fonction des besoins du candidat,\u00a0 des dates d\u00e9finies par les certificateurs et de la certification choisie.<br \/>\nDe 5h \u00e0 10h &#8211; Entre 2 et 6 mois<\/p>\n<p style=\"text-align: center\"><span style=\"color: #2e3192\"><strong>TARIF<\/strong><\/span><\/p>\n<p>Selon le nombre d\u2019heures d\u00e9fini avec le candidat (315 \u00e0\u00a0 630 euros)<br \/>\n630 euros (10 heures) &#8211; \u00c9ligible au CPF : code\u00a0 200\u00a0 (Des solutions de financement existent- <strong><em>nous consulter<\/em><\/strong>)<\/p>\n<p style=\"text-align: center\"><span style=\"color: #2e3192\"><strong>CONTENU<\/strong><\/span><\/p>\n<p>Bilan du passage devant le jury : auto-\u00e9valuation du\/de la candidat.e : ressentis, points forts, axes d\u2019am\u00e9lioration\u2026)<\/p>\n<p>Analyse de la d\u00e9cision et des pr\u00e9conisations du jury : modules de comp\u00e9tences valid\u00e9s, analyse du Livret 2 et de la prestation orale<\/p>\n<p>Co-construction du plan d\u2019action<\/p>\n<p>Rep\u00e9rage et organisation des d\u00e9marches n\u00e9cessaires pour la suite du projet (accompagnement dans la mise en place du plan d\u2019action) : formation, exp\u00e9riences compl\u00e9mentaires ou mise en situation, ressources documentaires, etc.<\/p>\n<p>Recherche de financement<\/p>\n<p>Lien avec les autres intervenants sur le parcours VAE du\/de la candidat.e<\/p>\n<p>Accompagnement \u00e0 l\u2019am\u00e9lioration du Livret 2<\/p>\n<p>Pr\u00e9paration au jury<\/p>\n<p>&nbsp;<\/p>\n<p style=\"text-align: center\"><span style=\"color: #2e3192\"><strong>MODALIT\u00c9S P\u00c9DAGOGIQUES<\/strong><\/span><\/p>\n<p><em>La personne est actrice de son parcours, et cr\u00e9atrice de son devenir professionnel, elle va mobiliser au fil de ses exp\u00e9riences, diff\u00e9rents apprentissages et acqu\u00e9rir de nouvelles comp\u00e9tences<\/em><\/p>\n<p>Le\/la candidat.e est accompagn\u00e9.e par un conseiller\/r\u00e9f\u00e9rent unique, expert en VAE qui \u00e9tablit avec la personne et \u00e0 partir du diagnostic partag\u00e9 la feuille de route<\/p>\n<p>P\u00e9dagogie active et participative<\/p>\n<p>Entretiens individuels\u00a0 et\/ou collectif en pr\u00e9sentiel et\/ou \u00e0 distance par Visio, par t\u00e9l\u00e9phone ou mail selon les candidat.e.s et leur mobilit\u00e9<\/p>\n<p style=\"text-align: center\"><span style=\"color: #2e3192\"><strong>\u00c9VALUATION<\/strong><\/span><\/p>\n<p>Tout au long du parcours en fonction des objectifs d\u00e9finis lors de l\u2019entretien de diagnostic, enqu\u00eate de satisfaction<\/p>\n<p>Pour plus d&#8217;informations <strong><em>nous contacter<\/em><\/strong><\/p>\n<p><em><strong><span style=\"color: #2e3192\"><a style=\"color: #2e3192\" href=\"https:\/\/intermife.fr\/intermifeaura\/wp-content\/uploads\/sites\/2\/2023\/01\/FICHE_PRODUIT_ACCT_POST_JURY-VIntermifeAURA.pdf\" target=\"_blank\" rel=\"noopener\">T\u00e9l\u00e9charger la plaquette<\/a><\/span><\/strong><\/em><\/p>\n","protected":false},"excerpt":{"rendered":"<p>OBJECTIFS Accompagner un.e candidat.e dans la poursuite de son projet\/parcours de VAE apr\u00e8s avoir fait un premier passage devant le jury en ayant obtenu une validation partielle ou aucune validation PUBLIC\u00a0 Tout public ayant eu une validation partielle ou aucune validation devant le jury Pr\u00e9 requis\u00a0:\u00a0Candidat.e.s ayant une validation partielle ou aucune validation. \u00catre titulaire [&hellip;]<\/p>\n","protected":false},"author":3,"featured_media":0,"parent":127,"menu_order":0,"comment_status":"closed","ping_status":"closed","template":"","meta":[],"_links":{"self":[{"href":"https:\/\/intermife.fr\/intermifeaura\/wp-json\/wp\/v2\/pages\/141"}],"collection":[{"href":"https:\/\/intermife.fr\/intermifeaura\/wp-json\/wp\/v2\/pages"}],"about":[{"href":"https:\/\/intermife.fr\/intermifeaura\/wp-json\/wp\/v2\/types\/page"}],"author":[{"embeddable":true,"href":"https:\/\/intermife.fr\/intermifeaura\/wp-json\/wp\/v2\/users\/3"}],"replies":[{"embeddable":true,"href":"https:\/\/intermife.fr\/intermifeaura\/wp-json\/wp\/v2\/comments?post=141"}],"version-history":[{"count":4,"href":"https:\/\/intermife.fr\/intermifeaura\/wp-json\/wp\/v2\/pages\/141\/revisions"}],"predecessor-version":[{"id":540,"href":"https:\/\/intermife.fr\/intermifeaura\/wp-json\/wp\/v2\/pages\/141\/revisions\/540"}],"up":[{"embeddable":true,"href":"https:\/\/intermife.fr\/intermifeaura\/wp-json\/wp\/v2\/pages\/127"}],"wp:attachment":[{"href":"https:\/\/intermife.fr\/intermifeaura\/wp-json\/wp\/v2\/media?parent=141"}],"curies":[{"name":"wp","href":"https:\/\/api.w.org\/{rel}","templated":true}]}}