{"id":169,"date":"2021-04-12T14:03:07","date_gmt":"2021-04-12T12:03:07","guid":{"rendered":"https:\/\/intermife.fr\/intermifeaura\/?page_id=169"},"modified":"2021-04-20T16:26:47","modified_gmt":"2021-04-20T14:26:47","slug":"missions","status":"publish","type":"page","link":"https:\/\/intermife.fr\/intermifeaura\/missions\/","title":{"rendered":"Missions"},"content":{"rendered":"<p style=\"text-align: justify;\">Depuis 1982, les Maisons de l\u2019Information sur la Formation et l\u2019Emploi (MIFE), cr\u00e9\u00e9es avec l\u2019appui de l\u2019\u00c9tat et des collectivit\u00e9s territoriales, ont mis en \u0153uvre une pratique de <strong><em>Guidance Professionnelle Personnalis\u00e9e\u00ae<\/em><\/strong>, en direction de tout public, prioritairement les adultes actifs en emploi ou sans emploi.<br \/>\nElle est d\u00e9finie dans leur charte nationale depuis 2000, comme une aide personnalis\u00e9e \u00e0 l\u2019\u00e9laboration de tout projet professionnel et un accompagnement de parcours, dans une approche globale centr\u00e9e sur la personne, tenant compte de son identit\u00e9 et de son environnement.<\/p>\n<p style=\"text-align: justify;\">Les MIFE se sont toujours investies dans la mise en \u0153uvre des politiques publiques Emploi Formation, comme l\u2019acc\u00e8s \u00e0 la formation tout au long de la vie, \u00e0 l\u2019emploi, \u00e0 la cr\u00e9ation d\u2019entreprise, \u00e0 la VAE, et \u00e0 l\u2019acc\u00e8s au droit \u00e0 l\u2019orientation pour tous, ayant \u00e9t\u00e9 pour la plupart labellis\u00e9es Service public de l\u2019Orientation (SPO\/SPRO).<\/p>\n<p><iframe loading=\"lazy\" width=\"1170\" height=\"658\" src=\"https:\/\/www.youtube.com\/embed\/PkuP5v3e2TY?feature=oembed\" frameborder=\"0\" allow=\"accelerometer; autoplay; clipboard-write; encrypted-media; gyroscope; picture-in-picture\" allowfullscreen><\/iframe><\/p>\n<p style=\"text-align: justify;\">Avec la Guidance Professionnelle Personnalis\u00e9e\u00ae (GPP), les MIFE ont prouv\u00e9 \u00e0 l\u2019\u00e9chelon national, la pertinence de leur pratique \u00e9ducative d\u2019orientation \u00e0 finalit\u00e9 d\u2018emploi (acc\u00e8s \u00e0 l\u2019emploi, changement d\u2019emploi, \u00e9volution dans l\u2019emploi, cr\u00e9ation d\u2019emploi..), qui permet d\u2019accompagner les changements professionnels.<br \/>\nLa GPP, fond\u00e9e sur la valorisation des acquis exp\u00e9rientiels, se d\u00e9cline selon quatre phases, ind\u00e9pendantes les unes des autres, que les personnes peuvent parcourir, selon leur situation, leurs besoins, et le degr\u00e9 d\u2019avancement de leur projet professionnel.<\/p>\n<p>Le r\u00e9seau des MIFE contractualise avec la R\u00e9gion Auvergne Rh\u00f4ne Alpes et assure leurs missions dans le cadre du <strong><em><span style=\"color: #2e3192;\">Service Public R\u00e9gional de l&#8217;Orientation<\/span><\/em> <span style=\"color: #2e3192;\"><em>tout au long de la vie.<\/em><\/span><\/strong><\/p>\n<p>Ce service r\u00e9pond aux objectifs suivants :<\/p>\n<ul style=\"list-style-type: circle;\">\n<li><strong>l&#8217;acc\u00e8s \u00e0 une information gratuite<\/strong> : un premier niveau d&#8217;information gratuite, compl\u00e8te et objective sur les m\u00e9tiers, les formations, les certifications, les d\u00e9bouch\u00e9s et les niveaux de r\u00e9mun\u00e9ration en proximit\u00e9 et\/ou en acc\u00e8s d\u00e9mat\u00e9rialis\u00e9.<\/li>\n<li><strong>l&#8217;acc\u00e8s \u00e0 des services de conseil et d&#8217; accompagnement gratuit<\/strong> : conseil et accompagnement personnalis\u00e9s<\/li>\n<\/ul>\n<p>Retrouvez les services des <a href=\"https:\/\/intermife.fr\/annuaire-des-mife\/\" target=\"_blank\" rel=\"noopener\"><em><strong><span style=\"color: #2e3192;\">MIFE en Auvergne Rh\u00f4ne Alpes<\/span><\/strong><\/em><\/a><\/p>\n<p>Ces services se d\u00e9clinent selon la <em><span style=\"color: #2e3192;\">Guidance Professionnelle Personnalis\u00e9e\u00ae<\/span><\/em><\/p>\n<blockquote>\n<p style=\"text-align: center;\"><em>&#8220;Une approche globale et \u00e9ducative d\u2019orientation, centr\u00e9e sur la personne et en lien avec l\u2019environnement local&#8221;<\/em><\/p>\n<\/blockquote>\n<p>Les \u00e9tapes de la GPP\u00ae :<\/p>\n<ul>\n<li>Accueil personnalis\u00e9 : une \u00e9coute et une analyse du besoin<\/li>\n<li>Information : une information pertinente et actualis\u00e9e correspondant aux demandes<\/li>\n<li>Conseil\/Orientation : Un appui \u00e0 l\u2019\u00e9laboration de projets<\/li>\n<li>Accompagnement dans la mise en \u0153uvre du projet : un suivi de la\u00a0 personne dans la r\u00e9alisation du projet<\/li>\n<\/ul>\n<p><iframe loading=\"lazy\" width=\"1170\" height=\"658\" src=\"https:\/\/www.youtube.com\/embed\/I_on6UUMH6g?feature=oembed\" frameborder=\"0\" allow=\"accelerometer; autoplay; clipboard-write; encrypted-media; gyroscope; picture-in-picture\" allowfullscreen><\/iframe><\/p>\n<p style=\"text-align: justify;\">Les MIFE sont aussi les partenaires des entreprises et notamment des TPE\/PME.\u00a0 Elles proposent un service de proximit\u00e9 en direction des chef.fe.s d&#8217;entreprises dans la mise en place de dispositifs d&#8217;\u00e9volution professionnelle des collaborateurs et collaboratrices, de qualification, de valorisation de leur acquis, de recrutement ou d&#8217;accompagnement \u00e0 la cr\u00e9ation d&#8217;entreprise.<\/p>\n<p><iframe loading=\"lazy\" width=\"1170\" height=\"658\" src=\"https:\/\/www.youtube.com\/embed\/0U8BlKCpZgA?feature=oembed\" frameborder=\"0\" allow=\"accelerometer; autoplay; clipboard-write; encrypted-media; gyroscope; picture-in-picture\" allowfullscreen><\/iframe><\/p>\n","protected":false},"excerpt":{"rendered":"<p>Depuis 1982, les Maisons de l\u2019Information sur la Formation et l\u2019Emploi (MIFE), cr\u00e9\u00e9es avec l\u2019appui de l\u2019\u00c9tat et des collectivit\u00e9s territoriales, ont mis en \u0153uvre une pratique de Guidance Professionnelle Personnalis\u00e9e\u00ae, en direction de tout public, prioritairement les adultes actifs en emploi ou sans emploi. Elle est d\u00e9finie dans leur charte nationale depuis 2000, comme [&hellip;]<\/p>\n","protected":false},"author":3,"featured_media":0,"parent":0,"menu_order":0,"comment_status":"closed","ping_status":"closed","template":"","meta":[],"_links":{"self":[{"href":"https:\/\/intermife.fr\/intermifeaura\/wp-json\/wp\/v2\/pages\/169"}],"collection":[{"href":"https:\/\/intermife.fr\/intermifeaura\/wp-json\/wp\/v2\/pages"}],"about":[{"href":"https:\/\/intermife.fr\/intermifeaura\/wp-json\/wp\/v2\/types\/page"}],"author":[{"embeddable":true,"href":"https:\/\/intermife.fr\/intermifeaura\/wp-json\/wp\/v2\/users\/3"}],"replies":[{"embeddable":true,"href":"https:\/\/intermife.fr\/intermifeaura\/wp-json\/wp\/v2\/comments?post=169"}],"version-history":[{"count":13,"href":"https:\/\/intermife.fr\/intermifeaura\/wp-json\/wp\/v2\/pages\/169\/revisions"}],"predecessor-version":[{"id":317,"href":"https:\/\/intermife.fr\/intermifeaura\/wp-json\/wp\/v2\/pages\/169\/revisions\/317"}],"wp:attachment":[{"href":"https:\/\/intermife.fr\/intermifeaura\/wp-json\/wp\/v2\/media?parent=169"}],"curies":[{"name":"wp","href":"https:\/\/api.w.org\/{rel}","templated":true}]}}