{"id":187,"date":"2021-04-13T14:29:57","date_gmt":"2021-04-13T12:29:57","guid":{"rendered":"https:\/\/intermife.fr\/intermifeaura\/?page_id=187"},"modified":"2021-05-05T16:05:48","modified_gmt":"2021-05-05T14:05:48","slug":"organisation","status":"publish","type":"page","link":"https:\/\/intermife.fr\/intermifeaura\/organisation\/","title":{"rendered":"ORGANISATION"},"content":{"rendered":"<p>[vc_row][vc_column][vc_column_text]<\/p>\n<p style=\"text-align: justify;\">L&#8217;association InterMIFE Auvergne Rh\u00f4ne Alpes est compos\u00e9e de 11 structures bas\u00e9es dans 10 d\u00e9partements\u00a0 : Ain, Ard\u00e8che, Dr\u00f4me, Is\u00e8re, Loire, Haute Loire, Rh\u00f4ne, Savoie et Haute Savoie.<\/p>\n<p>[\/vc_column_text][\/vc_column][\/vc_row][vc_row][vc_column width=&#8221;1\/3&#8243;][vc_custom_heading text=&#8221;Notre gouvernance&#8221; font_container=&#8221;tag:p|text_align:center|color:%23ffffff&#8221; google_fonts=&#8221;font_family:Raleway%3A100%2C200%2C300%2Cregular%2C500%2C600%2C700%2C800%2C900|font_style:400%20regular%3A400%3Anormal&#8221; css=&#8221;.vc_custom_1618387228547{background-color: #f0c300 !important;}&#8221;][vc_single_image image=&#8221;196&#8243; img_size=&#8221;medium&#8221; alignment=&#8221;center&#8221; onclick=&#8221;custom_link&#8221; link=&#8221;https:\/\/intermife.fr\/intermifeaura\/organisation\/gouvernance-intermifeaura\/&#8221;][\/vc_column][vc_column width=&#8221;1\/3&#8243;][vc_custom_heading text=&#8221;Notre activit\u00e9&#8221; font_container=&#8221;tag:p|text_align:center|color:%23ffffff&#8221; google_fonts=&#8221;font_family:Raleway%3A100%2C200%2C300%2Cregular%2C500%2C600%2C700%2C800%2C900|font_style:400%20regular%3A400%3Anormal&#8221; css=&#8221;.vc_custom_1618316508114{background-color: #f0c300 !important;}&#8221;][vc_single_image image=&#8221;215&#8243; img_size=&#8221;large&#8221; alignment=&#8221;center&#8221; onclick=&#8221;custom_link&#8221; link=&#8221;https:\/\/intermife.fr\/intermifeaura\/organisation\/rapport-activite\/&#8221;][\/vc_column][vc_column width=&#8221;1\/3&#8243;][vc_custom_heading text=&#8221;Notre politique qualit\u00e9&#8221; font_container=&#8221;tag:p|text_align:center|color:%23ffffff&#8221; google_fonts=&#8221;font_family:Raleway%3A100%2C200%2C300%2Cregular%2C500%2C600%2C700%2C800%2C900|font_style:400%20regular%3A400%3Anormal&#8221; css=&#8221;.vc_custom_1618316552465{background-color: #f0c300 !important;}&#8221;][vc_single_image image=&#8221;212&#8243; img_size=&#8221;medium&#8221; alignment=&#8221;center&#8221; onclick=&#8221;custom_link&#8221; link=&#8221;https:\/\/intermife.fr\/intermifeaura\/organisation\/politique-qualite\/&#8221;][\/vc_column][\/vc_row]<\/p>\n","protected":false},"excerpt":{"rendered":"<p>[vc_row][vc_column][vc_column_text] L&#8217;association InterMIFE Auvergne Rh\u00f4ne Alpes est compos\u00e9e de 11 structures bas\u00e9es dans 10 d\u00e9partements\u00a0 : Ain, Ard\u00e8che, Dr\u00f4me, Is\u00e8re, Loire, Haute Loire, Rh\u00f4ne, Savoie et Haute Savoie. [\/vc_column_text][\/vc_column][\/vc_row][vc_row][vc_column width=&#8221;1\/3&#8243;][vc_custom_heading text=&#8221;Notre gouvernance&#8221; font_container=&#8221;tag:p|text_align:center|color:%23ffffff&#8221; google_fonts=&#8221;font_family:Raleway%3A100%2C200%2C300%2Cregular%2C500%2C600%2C700%2C800%2C900|font_style:400%20regular%3A400%3Anormal&#8221; css=&#8221;.vc_custom_1618387228547{background-color: #f0c300 !important;}&#8221;][vc_single_image image=&#8221;196&#8243; img_size=&#8221;medium&#8221; alignment=&#8221;center&#8221; onclick=&#8221;custom_link&#8221; link=&#8221;https:\/\/intermife.fr\/intermifeaura\/organisation\/gouvernance-intermifeaura\/&#8221;][\/vc_column][vc_column width=&#8221;1\/3&#8243;][vc_custom_heading text=&#8221;Notre activit\u00e9&#8221; font_container=&#8221;tag:p|text_align:center|color:%23ffffff&#8221; google_fonts=&#8221;font_family:Raleway%3A100%2C200%2C300%2Cregular%2C500%2C600%2C700%2C800%2C900|font_style:400%20regular%3A400%3Anormal&#8221; css=&#8221;.vc_custom_1618316508114{background-color: #f0c300 !important;}&#8221;][vc_single_image image=&#8221;215&#8243; img_size=&#8221;large&#8221; alignment=&#8221;center&#8221; onclick=&#8221;custom_link&#8221; link=&#8221;https:\/\/intermife.fr\/intermifeaura\/organisation\/rapport-activite\/&#8221;][\/vc_column][vc_column [&hellip;]<\/p>\n","protected":false},"author":3,"featured_media":0,"parent":0,"menu_order":0,"comment_status":"closed","ping_status":"closed","template":"","meta":[],"_links":{"self":[{"href":"https:\/\/intermife.fr\/intermifeaura\/wp-json\/wp\/v2\/pages\/187"}],"collection":[{"href":"https:\/\/intermife.fr\/intermifeaura\/wp-json\/wp\/v2\/pages"}],"about":[{"href":"https:\/\/intermife.fr\/intermifeaura\/wp-json\/wp\/v2\/types\/page"}],"author":[{"embeddable":true,"href":"https:\/\/intermife.fr\/intermifeaura\/wp-json\/wp\/v2\/users\/3"}],"replies":[{"embeddable":true,"href":"https:\/\/intermife.fr\/intermifeaura\/wp-json\/wp\/v2\/comments?post=187"}],"version-history":[{"count":25,"href":"https:\/\/intermife.fr\/intermifeaura\/wp-json\/wp\/v2\/pages\/187\/revisions"}],"predecessor-version":[{"id":328,"href":"https:\/\/intermife.fr\/intermifeaura\/wp-json\/wp\/v2\/pages\/187\/revisions\/328"}],"wp:attachment":[{"href":"https:\/\/intermife.fr\/intermifeaura\/wp-json\/wp\/v2\/media?parent=187"}],"curies":[{"name":"wp","href":"https:\/\/api.w.org\/{rel}","templated":true}]}}