{"id":220,"date":"2021-04-14T11:07:34","date_gmt":"2021-04-14T09:07:34","guid":{"rendered":"https:\/\/intermife.fr\/intermifeaura\/?page_id=220"},"modified":"2021-04-14T11:40:33","modified_gmt":"2021-04-14T09:40:33","slug":"gouvernance-intermifeaura","status":"publish","type":"page","link":"https:\/\/intermife.fr\/intermifeaura\/organisation\/gouvernance-intermifeaura\/","title":{"rendered":"GOUVERNANCE"},"content":{"rendered":"<p>[vc_row][vc_column][vc_column_text]Le conseil d&#8217;Administration est compos\u00e9 de membres de droit, membres adh\u00e9rents et de membres assossi\u00e9s.[\/vc_column_text][vc_row_inner][vc_column_inner width=&#8221;1\/3&#8243;][vc_custom_heading text=&#8221;Membres de droit&#8221; font_container=&#8221;tag:p|text_align:center|color:%23ffffff&#8221; google_fonts=&#8221;font_family:Raleway%3A100%2C200%2C300%2Cregular%2C500%2C600%2C700%2C800%2C900|font_style:400%20regular%3A400%3Anormal&#8221; css=&#8221;.vc_custom_1618390740904{background-color: #f0c300 !important;}&#8221;][vc_column_text](MIFE ou structures porteuses de MIFE d\u2019Auvergne Rh\u00f4ne-Alpes, fondatrices)<\/p>\n<ul>\n<li>MIFE de l&#8217;Ain\/Alfa 3A<\/li>\n<li>MIFE Is\u00e8re\/MEE<\/li>\n<li>MIFE du Pays Voironnais\/MDEF<\/li>\n<li>MIFE du Roannais\/Espace 2M<\/li>\n<li>MIFE de Savoie\/Guidance 73<\/li>\n<\/ul>\n<p>[\/vc_column_text][\/vc_column_inner][vc_column_inner width=&#8221;1\/3&#8243;][vc_custom_heading text=&#8221;Membres adh\u00e9rents&#8221; font_container=&#8221;tag:p|text_align:center|color:%23ffffff&#8221; google_fonts=&#8221;font_family:Raleway%3A100%2C200%2C300%2Cregular%2C500%2C600%2C700%2C800%2C900|font_style:400%20regular%3A400%3Anormal&#8221; css=&#8221;.vc_custom_1618390799909{background-color: #f0c300 !important;}&#8221;][vc_column_text]<\/p>\n<p style=\"text-align: justify;\">Sont membres adh\u00e9rents les autres MIFE d\u2019Auvergne Rh\u00f4ne-Alpes et les personnes physiques qualifi\u00e9es int\u00e9ress\u00e9es par les buts de l&#8217;association, ayant adh\u00e9r\u00e9 \u00e0 la charte du R\u00e9seau et aux pr\u00e9sents statuts, et agr\u00e9\u00e9es par le CA.<\/p>\n<p>[\/vc_column_text][\/vc_column_inner][vc_column_inner width=&#8221;1\/3&#8243;][vc_custom_heading text=&#8221;Membres associ\u00e9s&#8221; font_container=&#8221;tag:p|text_align:center|color:%23ffffff&#8221; google_fonts=&#8221;font_family:Raleway%3A100%2C200%2C300%2Cregular%2C500%2C600%2C700%2C800%2C900|font_style:400%20regular%3A400%3Anormal&#8221; css=&#8221;.vc_custom_1618390853399{background-color: #f0c300 !important;}&#8221;][vc_column_text]<\/p>\n<p style=\"text-align: justify;\">Sont membres associ\u00e9s les personnes physiques ou morales agr\u00e9\u00e9es par le CA qui, en raison de leurs comp\u00e9tences et de leurs activit\u00e9s, jouent un r\u00f4le significatif dans les domaines d&#8217;intervention de l&#8217;Association. Les membres associ\u00e9s ont voix consultative.<\/p>\n<p>[\/vc_column_text][\/vc_column_inner][\/vc_row_inner][\/vc_column][\/vc_row][vc_row][vc_column][vc_text_separator title=&#8221;Membres du bureau&#8221; color=&#8221;custom&#8221; border_width=&#8221;5&#8243; accent_color=&#8221;#f0c300&#8243;][\/vc_column][\/vc_row][vc_row][vc_column][vc_column_text]<\/p>\n<p style=\"text-align: center;\">Pr\u00e9sidente : Agn\u00e8s Berjon<\/p>\n<p style=\"text-align: center;\">Vice pr\u00e9sident : Gaston Paravy<\/p>\n<p style=\"text-align: center;\">Vice Pr\u00e9sident : Jacques Dupoyet<\/p>\n<p style=\"text-align: center;\">Secr\u00e9taire : Martine Falbo<\/p>\n<p style=\"text-align: center;\">Tr\u00e9sorier : Herv\u00e9 Guillon<\/p>\n<p>[\/vc_column_text][\/vc_column][\/vc_row][vc_row][vc_column][vc_text_separator title=&#8221;Organigramme&#8221; color=&#8221;custom&#8221; border_width=&#8221;5&#8243; accent_color=&#8221;#f0c300&#8243;][\/vc_column][\/vc_row][vc_row][vc_column][vc_single_image image=&#8221;230&#8243; img_size=&#8221;full&#8221;][\/vc_column][\/vc_row]<\/p>\n","protected":false},"excerpt":{"rendered":"<p>[vc_row][vc_column][vc_column_text]Le conseil d&#8217;Administration est compos\u00e9 de membres de droit, membres adh\u00e9rents et de membres assossi\u00e9s.[\/vc_column_text][vc_row_inner][vc_column_inner width=&#8221;1\/3&#8243;][vc_custom_heading text=&#8221;Membres de droit&#8221; font_container=&#8221;tag:p|text_align:center|color:%23ffffff&#8221; google_fonts=&#8221;font_family:Raleway%3A100%2C200%2C300%2Cregular%2C500%2C600%2C700%2C800%2C900|font_style:400%20regular%3A400%3Anormal&#8221; css=&#8221;.vc_custom_1618390740904{background-color: #f0c300 !important;}&#8221;][vc_column_text](MIFE ou structures porteuses de MIFE d\u2019Auvergne Rh\u00f4ne-Alpes, fondatrices) MIFE de l&#8217;Ain\/Alfa 3A MIFE Is\u00e8re\/MEE MIFE du Pays Voironnais\/MDEF MIFE du Roannais\/Espace 2M MIFE de Savoie\/Guidance 73 [\/vc_column_text][\/vc_column_inner][vc_column_inner width=&#8221;1\/3&#8243;][vc_custom_heading text=&#8221;Membres adh\u00e9rents&#8221; font_container=&#8221;tag:p|text_align:center|color:%23ffffff&#8221; [&hellip;]<\/p>\n","protected":false},"author":3,"featured_media":0,"parent":187,"menu_order":0,"comment_status":"closed","ping_status":"closed","template":"","meta":[],"_links":{"self":[{"href":"https:\/\/intermife.fr\/intermifeaura\/wp-json\/wp\/v2\/pages\/220"}],"collection":[{"href":"https:\/\/intermife.fr\/intermifeaura\/wp-json\/wp\/v2\/pages"}],"about":[{"href":"https:\/\/intermife.fr\/intermifeaura\/wp-json\/wp\/v2\/types\/page"}],"author":[{"embeddable":true,"href":"https:\/\/intermife.fr\/intermifeaura\/wp-json\/wp\/v2\/users\/3"}],"replies":[{"embeddable":true,"href":"https:\/\/intermife.fr\/intermifeaura\/wp-json\/wp\/v2\/comments?post=220"}],"version-history":[{"count":11,"href":"https:\/\/intermife.fr\/intermifeaura\/wp-json\/wp\/v2\/pages\/220\/revisions"}],"predecessor-version":[{"id":225,"href":"https:\/\/intermife.fr\/intermifeaura\/wp-json\/wp\/v2\/pages\/220\/revisions\/225"}],"up":[{"embeddable":true,"href":"https:\/\/intermife.fr\/intermifeaura\/wp-json\/wp\/v2\/pages\/187"}],"wp:attachment":[{"href":"https:\/\/intermife.fr\/intermifeaura\/wp-json\/wp\/v2\/media?parent=220"}],"curies":[{"name":"wp","href":"https:\/\/api.w.org\/{rel}","templated":true}]}}