{"id":244,"date":"2021-04-14T13:35:09","date_gmt":"2021-04-14T11:35:09","guid":{"rendered":"https:\/\/intermife.fr\/intermifeaura\/?page_id=244"},"modified":"2024-10-04T14:37:09","modified_gmt":"2024-10-04T12:37:09","slug":"politique-qualite","status":"publish","type":"page","link":"https:\/\/intermife.fr\/intermifeaura\/organisation\/politique-qualite\/","title":{"rendered":"CERTIFICATION Qualiopi"},"content":{"rendered":"<p>[vc_row][vc_column][vc_text_separator title=&#8221;QUALIOPI&#8221; color=&#8221;custom&#8221; border_width=&#8221;5&#8243; accent_color=&#8221;#f0c300&#8243;][\/vc_column][\/vc_row][vc_row][vc_column width=&#8221;1\/2&#8243;][vc_column_text]<\/p>\n<p style=\"text-align: justify;\">En 2020, InterMIFE AuRA a obtenu la certification nationale Qualiopi qui garantit la qualit\u00e9 des prestations propos\u00e9es sur les accompagnements VAE et les actions de formation.<\/p>\n<p>[\/vc_column_text][\/vc_column][vc_column width=&#8221;1\/2&#8243;][vc_single_image image=&#8221;905&#8243; img_size=&#8221;medium&#8221; alignment=&#8221;right&#8221;][\/vc_column][\/vc_row][vc_row][vc_column][vc_column_text]Qualiopi est une certification garantissant des prestations de qualit\u00e9, obligatoire \u00e0 partir de 2022 pour les organismes de formation souhaitant b\u00e9n\u00e9ficier de financements li\u00e9s \u00e0 la formation professionnelle. Cette certification a pour objectif d\u2019attester la qualit\u00e9 du processus mis en \u0153uvre pour les actions concourant au d\u00e9veloppement des comp\u00e9tences.<\/p>\n<p>En fonction de leurs sp\u00e9cificit\u00e9s locales, les MIFE sont certifi\u00e9es pour les <strong>actions de formation, les bilans de comp\u00e9tences et les actions permettant de faire valider les acquis de l\u2019exp\u00e9rience (VAE).<\/strong><\/p>\n<h3>Quels sont les avantages de QUALIOPI ?<\/h3>\n<p>Le r\u00e9seau des MIFE :<\/p>\n<ul>\n<li>D\u00e9montrent de la conformit\u00e9 aux exigences de qualit\u00e9<\/li>\n<li>B\u00e9n\u00e9ficient d\u2019une d\u00e9marche qualit\u00e9 d\u00e9di\u00e9e et adapt\u00e9e \u00e0 leur taille<\/li>\n<li>Renforcent leur reconnaissance par les organismes financeurs<\/li>\n<li>Optimisent leur organisation<\/li>\n<li>Valorisent leurs pratiques<\/li>\n<li>Am\u00e9liorent la satisfaction de leurs publics<\/li>\n<\/ul>\n<p>Un vrai gage de qualit\u00e9 pour nos usagers\u00a0!<\/p>\n<h3 align=\"justify\"><strong>La satisfaction de nos publics <\/strong><\/h3>\n<p align=\"justify\">La mesure de satisfaction est r\u00e9alis\u00e9e \u00e0 travers les enqu\u00eates\u00a0 de satisfaction stagiaires, entreprises, financeurs, formateurs.<\/p>\n<p align=\"justify\">T\u00e9l\u00e9chargez<a href=\"https:\/\/intermife.fr\/intermifeaura\/wp-content\/uploads\/sites\/2\/2024\/08\/certif-intermife-aura.pdf\"><span style=\"color: #000080;\"><em><strong> le certificat Qualiopi<\/strong><\/em><\/span><\/a><\/p>\n<p>[\/vc_column_text][\/vc_column][\/vc_row][vc_row][vc_column][vc_text_separator title=&#8221;Charte d\u00e9ontologique&#8221; color=&#8221;custom&#8221; border_width=&#8221;5&#8243; accent_color=&#8221;#f0c300&#8243;][\/vc_column][\/vc_row][vc_row][vc_column][vc_column_text]Voir la <a href=\"https:\/\/intermife.fr\/intermifeaura\/wp-content\/uploads\/sites\/2\/2021\/04\/06-CHARTE-DEONTOLOGIQUE-DES-MIFE-04022019.pdf\" target=\"_blank\" rel=\"noopener\"><span style=\"color: #2e3192;\"><em><strong>charte d\u00e9ontologique<\/strong><\/em><\/span><\/a><\/p>\n<p>[\/vc_column_text][\/vc_column][\/vc_row]<\/p>\n","protected":false},"excerpt":{"rendered":"<p>[vc_row][vc_column][vc_text_separator title=&#8221;QUALIOPI&#8221; color=&#8221;custom&#8221; border_width=&#8221;5&#8243; accent_color=&#8221;#f0c300&#8243;][\/vc_column][\/vc_row][vc_row][vc_column width=&#8221;1\/2&#8243;][vc_column_text] En 2020, InterMIFE AuRA a obtenu la certification nationale Qualiopi qui garantit la qualit\u00e9 des prestations propos\u00e9es sur les accompagnements VAE et les actions de formation. [\/vc_column_text][\/vc_column][vc_column width=&#8221;1\/2&#8243;][vc_single_image image=&#8221;905&#8243; img_size=&#8221;medium&#8221; alignment=&#8221;right&#8221;][\/vc_column][\/vc_row][vc_row][vc_column][vc_column_text]Qualiopi est une certification garantissant des prestations de qualit\u00e9, obligatoire \u00e0 partir de 2022 pour les organismes de formation [&hellip;]<\/p>\n","protected":false},"author":3,"featured_media":0,"parent":187,"menu_order":0,"comment_status":"closed","ping_status":"closed","template":"","meta":[],"_links":{"self":[{"href":"https:\/\/intermife.fr\/intermifeaura\/wp-json\/wp\/v2\/pages\/244"}],"collection":[{"href":"https:\/\/intermife.fr\/intermifeaura\/wp-json\/wp\/v2\/pages"}],"about":[{"href":"https:\/\/intermife.fr\/intermifeaura\/wp-json\/wp\/v2\/types\/page"}],"author":[{"embeddable":true,"href":"https:\/\/intermife.fr\/intermifeaura\/wp-json\/wp\/v2\/users\/3"}],"replies":[{"embeddable":true,"href":"https:\/\/intermife.fr\/intermifeaura\/wp-json\/wp\/v2\/comments?post=244"}],"version-history":[{"count":30,"href":"https:\/\/intermife.fr\/intermifeaura\/wp-json\/wp\/v2\/pages\/244\/revisions"}],"predecessor-version":[{"id":907,"href":"https:\/\/intermife.fr\/intermifeaura\/wp-json\/wp\/v2\/pages\/244\/revisions\/907"}],"up":[{"embeddable":true,"href":"https:\/\/intermife.fr\/intermifeaura\/wp-json\/wp\/v2\/pages\/187"}],"wp:attachment":[{"href":"https:\/\/intermife.fr\/intermifeaura\/wp-json\/wp\/v2\/media?parent=244"}],"curies":[{"name":"wp","href":"https:\/\/api.w.org\/{rel}","templated":true}]}}