{"id":262,"date":"2021-04-16T15:43:56","date_gmt":"2021-04-16T13:43:56","guid":{"rendered":"https:\/\/intermife.fr\/intermifeaura\/?page_id=262"},"modified":"2021-04-19T10:08:50","modified_gmt":"2021-04-19T08:08:50","slug":"contact","status":"publish","type":"page","link":"https:\/\/intermife.fr\/intermifeaura\/contact\/","title":{"rendered":"CONTACT"},"content":{"rendered":"<p>[vc_row][vc_column][vc_column_text]<\/p>\n<p style=\"text-align: center;\"><span style=\"font-size: 14pt;\">Vous souhaitez nous rencontrer pour \u00e9changer sur nos diff\u00e9rents services ?<\/span><\/p>\n<p>[\/vc_column_text][vc_separator color=&#8221;custom&#8221; border_width=&#8221;5&#8243; accent_color=&#8221;#ffdb5b&#8221;][\/vc_column][\/vc_row][vc_row][vc_column][vc_column_text]<img loading=\"lazy\" class=\"size-full wp-image-263 aligncenter\" src=\"https:\/\/intermife.fr\/intermifeaura\/wp-content\/uploads\/sites\/2\/2021\/04\/Intermife-icon-arrow-down.png\" alt=\"\" width=\"39\" height=\"19\" \/><\/p>\n<p style=\"text-align: center;\"><span style=\"font-size: 14pt;\"><strong>Vous pouvez rechercher une MIFE proche de chez vous<\/strong><\/span><\/p>\n<p>[\/vc_column_text][\/vc_column][\/vc_row][vc_row][vc_column][vc_btn title=&#8221;Trouver une MIFE&#8221; style=&#8221;custom&#8221; custom_background=&#8221;#ffdb5b&#8221; custom_text=&#8221;#ffffff&#8221; shape=&#8221;square&#8221; align=&#8221;center&#8221; i_align=&#8221;right&#8221; i_icon_fontawesome=&#8221;fa fa-play&#8221; css_animation=&#8221;left-to-right&#8221; add_icon=&#8221;true&#8221; link=&#8221;url:%20https%3A%2F%2Fintermife.fr%2Fannuaire-des-mife%2F%20||target:%20_blank|&#8221;][\/vc_column][\/vc_row][vc_row][vc_column][vc_separator color=&#8221;custom&#8221; border_width=&#8221;5&#8243; accent_color=&#8221;#ffdb5b&#8221;][\/vc_column][\/vc_row][vc_row][vc_column][vc_column_text]<\/p>\n<p style=\"text-align: center;\"><span style=\"font-size: 14pt;\">Ou remplir le formulaire ci-dessous<\/span><\/p>\n<p><img loading=\"lazy\" class=\"size-full wp-image-263 aligncenter\" src=\"https:\/\/intermife.fr\/intermifeaura\/wp-content\/uploads\/sites\/2\/2021\/04\/Intermife-icon-arrow-down.png\" alt=\"\" width=\"39\" height=\"19\" \/>[\/vc_column_text][\/vc_column][\/vc_row][vc_row][vc_column width=&#8221;1\/2&#8243;][vc_single_image image=&#8221;271&#8243; img_size=&#8221;full&#8221;][\/vc_column][vc_column width=&#8221;1\/2&#8243;][vc_column_text]<div role=\"form\" class=\"wpcf7\" id=\"wpcf7-f274-o1\" lang=\"fr-FR\" dir=\"ltr\">\n<div class=\"screen-reader-response\"><p role=\"status\" aria-live=\"polite\" aria-atomic=\"true\"><\/p> <ul><\/ul><\/div>\n<form action=\"\/intermifeaura\/wp-json\/wp\/v2\/pages\/262#wpcf7-f274-o1\" method=\"post\" class=\"wpcf7-form init\" novalidate=\"novalidate\" data-status=\"init\">\n<div style=\"display: none;\">\n<input type=\"hidden\" name=\"_wpcf7\" value=\"274\" \/>\n<input type=\"hidden\" name=\"_wpcf7_version\" value=\"5.4.2\" \/>\n<input type=\"hidden\" name=\"_wpcf7_locale\" value=\"fr_FR\" \/>\n<input type=\"hidden\" name=\"_wpcf7_unit_tag\" value=\"wpcf7-f274-o1\" \/>\n<input type=\"hidden\" name=\"_wpcf7_container_post\" value=\"0\" \/>\n<input type=\"hidden\" name=\"_wpcf7_posted_data_hash\" value=\"\" \/>\n<\/div>\n<p><label> Votre nom*<br \/>\n    <span class=\"wpcf7-form-control-wrap your-name\"><input type=\"text\" name=\"your-name\" value=\"\" size=\"40\" class=\"wpcf7-form-control wpcf7-text wpcf7-validates-as-required\" aria-required=\"true\" aria-invalid=\"false\" \/><\/span> <\/label><\/p>\n<p><label> Votre Email*<br \/>\n    <span class=\"wpcf7-form-control-wrap your-email\"><input type=\"email\" name=\"your-email\" value=\"\" size=\"40\" class=\"wpcf7-form-control wpcf7-text wpcf7-email wpcf7-validates-as-required wpcf7-validates-as-email\" aria-required=\"true\" aria-invalid=\"false\" \/><\/span> <\/label><\/p>\n<p><label> Votre T\u00e9l\u00e9phone*<br \/>\n    <span class=\"wpcf7-form-control-wrap Telephone\"><input type=\"tel\" name=\"Telephone\" value=\"\" size=\"40\" class=\"wpcf7-form-control wpcf7-text wpcf7-tel wpcf7-validates-as-required wpcf7-validates-as-tel\" aria-required=\"true\" aria-invalid=\"false\" \/><\/span> <\/label><\/p>\n<p><label> Votre lieu d'habitation*<br \/>\n    <span class=\"wpcf7-form-control-wrap habitation\"><input type=\"text\" name=\"habitation\" value=\"\" size=\"40\" class=\"wpcf7-form-control wpcf7-text wpcf7-validates-as-required\" aria-required=\"true\" aria-invalid=\"false\" \/><\/span> <\/label><\/p>\n<p><label> Objet<br \/>\n    <span class=\"wpcf7-form-control-wrap your-subject\"><input type=\"text\" name=\"your-subject\" value=\"\" size=\"40\" class=\"wpcf7-form-control wpcf7-text\" aria-invalid=\"false\" \/><\/span> <\/label><\/p>\n<p><label> Votre message<br \/>\n    <span class=\"wpcf7-form-control-wrap your-message\"><textarea name=\"your-message\" cols=\"40\" rows=\"10\" class=\"wpcf7-form-control wpcf7-textarea\" aria-invalid=\"false\"><\/textarea><\/span> <\/label><\/p>\n<p>(*) Mentions obligatoires<\/p>\n<p><span class=\"wpcf7-form-control-wrap RGPD\"><span class=\"wpcf7-form-control wpcf7-checkbox wpcf7-validates-as-required\"><span class=\"wpcf7-list-item first last\"><input type=\"checkbox\" name=\"RGPD[]\" value=\"En soumettant ce formulaire, j\u2019accepte que les informations saisies soient exploit\u00e9es dans le cadre d\u2019une prise de contact par email ou par t\u00e9l\u00e9phone. Ces donn\u00e9es ne seront pas utilis\u00e9es \u00e0 des fins commerciales.\" \/><span class=\"wpcf7-list-item-label\">En soumettant ce formulaire, j\u2019accepte que les informations saisies soient exploit\u00e9es dans le cadre d\u2019une prise de contact par email ou par t\u00e9l\u00e9phone. Ces donn\u00e9es ne seront pas utilis\u00e9es \u00e0 des fins commerciales.<\/span><\/span><\/span><\/span><\/p>\n<p><input type=\"submit\" value=\"Envoyer\" class=\"wpcf7-form-control wpcf7-submit\" \/><\/p>\n<div class=\"wpcf7-response-output\" aria-hidden=\"true\"><\/div><\/form><\/div>[\/vc_column_text][\/vc_column][\/vc_row]<\/p>\n","protected":false},"excerpt":{"rendered":"<p>[vc_row][vc_column][vc_column_text] Vous souhaitez nous rencontrer pour \u00e9changer sur nos diff\u00e9rents services ? [\/vc_column_text][vc_separator color=&#8221;custom&#8221; border_width=&#8221;5&#8243; accent_color=&#8221;#ffdb5b&#8221;][\/vc_column][\/vc_row][vc_row][vc_column][vc_column_text] Vous pouvez rechercher une MIFE proche de chez vous [\/vc_column_text][\/vc_column][\/vc_row][vc_row][vc_column][vc_btn title=&#8221;Trouver une MIFE&#8221; style=&#8221;custom&#8221; custom_background=&#8221;#ffdb5b&#8221; custom_text=&#8221;#ffffff&#8221; shape=&#8221;square&#8221; align=&#8221;center&#8221; i_align=&#8221;right&#8221; i_icon_fontawesome=&#8221;fa fa-play&#8221; css_animation=&#8221;left-to-right&#8221; add_icon=&#8221;true&#8221; link=&#8221;url:%20https%3A%2F%2Fintermife.fr%2Fannuaire-des-mife%2F%20||target:%20_blank|&#8221;][\/vc_column][\/vc_row][vc_row][vc_column][vc_separator color=&#8221;custom&#8221; border_width=&#8221;5&#8243; accent_color=&#8221;#ffdb5b&#8221;][\/vc_column][\/vc_row][vc_row][vc_column][vc_column_text] Ou remplir le formulaire ci-dessous [\/vc_column_text][\/vc_column][\/vc_row][vc_row][vc_column width=&#8221;1\/2&#8243;][vc_single_image image=&#8221;271&#8243; img_size=&#8221;full&#8221;][\/vc_column][vc_column width=&#8221;1\/2&#8243;][vc_column_text][\/vc_column_text][\/vc_column][\/vc_row]<\/p>\n","protected":false},"author":3,"featured_media":0,"parent":0,"menu_order":0,"comment_status":"closed","ping_status":"closed","template":"","meta":[],"_links":{"self":[{"href":"https:\/\/intermife.fr\/intermifeaura\/wp-json\/wp\/v2\/pages\/262"}],"collection":[{"href":"https:\/\/intermife.fr\/intermifeaura\/wp-json\/wp\/v2\/pages"}],"about":[{"href":"https:\/\/intermife.fr\/intermifeaura\/wp-json\/wp\/v2\/types\/page"}],"author":[{"embeddable":true,"href":"https:\/\/intermife.fr\/intermifeaura\/wp-json\/wp\/v2\/users\/3"}],"replies":[{"embeddable":true,"href":"https:\/\/intermife.fr\/intermifeaura\/wp-json\/wp\/v2\/comments?post=262"}],"version-history":[{"count":12,"href":"https:\/\/intermife.fr\/intermifeaura\/wp-json\/wp\/v2\/pages\/262\/revisions"}],"predecessor-version":[{"id":300,"href":"https:\/\/intermife.fr\/intermifeaura\/wp-json\/wp\/v2\/pages\/262\/revisions\/300"}],"wp:attachment":[{"href":"https:\/\/intermife.fr\/intermifeaura\/wp-json\/wp\/v2\/media?parent=262"}],"curies":[{"name":"wp","href":"https:\/\/api.w.org\/{rel}","templated":true}]}}