{"id":354,"date":"2021-05-28T15:05:17","date_gmt":"2021-05-28T13:05:17","guid":{"rendered":"https:\/\/intermife.fr\/intermifeaura\/?page_id=354"},"modified":"2025-10-14T13:58:47","modified_gmt":"2025-10-14T11:58:47","slug":"validation-des-acquis-de-lexperience","status":"publish","type":"page","link":"https:\/\/intermife.fr\/intermifeaura\/missions\/validation-des-acquis-de-lexperience\/","title":{"rendered":"Validation des acquis de l&#8217;exp\u00e9rience"},"content":{"rendered":"<p style=\"text-align: justify\"><img loading=\"lazy\" class=\"size-full wp-image-356 alignleft\" src=\"https:\/\/intermife.fr\/intermifeaura\/wp-content\/uploads\/sites\/2\/2021\/05\/Intermife-icon-puce1-1.png\" alt=\"\" width=\"12\" height=\"20\" \/>Vous avez une exp\u00e9rience professionnelle mais vous n\u2019avez pas de dipl\u00f4me ?<\/p>\n<p><img loading=\"lazy\" class=\"size-full wp-image-356 alignleft\" src=\"https:\/\/intermife.fr\/intermifeaura\/wp-content\/uploads\/sites\/2\/2021\/05\/Intermife-icon-puce1-1.png\" alt=\"\" width=\"12\" height=\"20\" \/>Vous souhaitez faire \u00e9voluer votre carri\u00e8re professionnelle ?<\/p>\n<p><img loading=\"lazy\" class=\"size-full wp-image-357 alignleft\" src=\"https:\/\/intermife.fr\/intermifeaura\/wp-content\/uploads\/sites\/2\/2021\/05\/Intermife-icon-oriente.png\" alt=\"\" width=\"80\" height=\"82\" \/>La <strong><span style=\"color: #2e3192\">Validation des Acquis de l\u2019Exp\u00e9rience (VAE)<\/span><\/strong> peut r\u00e9pondre \u00e0 votre situation.<\/p>\n<p>Riche d\u2019une longue exp\u00e9rience en mati\u00e8re de conseil et d\u2019appui renforc\u00e9 \u00e0 la VAE, le r\u00e9seau des MIFE vous propose une guidance tout au long du processus de certification en lien avec votre projet professionnel.<\/p>\n<p><strong>Qu\u2019est-ce que la VAE ?<\/strong><\/p>\n<p>La VAE ou Validation des Acquis de l\u2019Exp\u00e9rience, issue de la Loi de Modernisation Sociale du 17 janvier 2002, est un moyen d&#8217;obtenir un dipl\u00f4me, sans avoir \u00e0 suivre une formation. Comment ? Tout simplement en partant de son exp\u00e9rience professionnelle ou extra-professionnelle.<\/p>\n<p>Autrement dit, gr\u00e2ce \u00e0 la VAE, toute personne peut faire reconna\u00eetre ses exp\u00e9riences par une certification (dipl\u00f4me, titre professionnel, CQP\u2026). Peu importe son \u00e2ge, sa nationalit\u00e9, son statut ou son niveau de formation.<\/p>\n<p><em>Qui peut faire une VAE ?<\/em><\/p>\n<p>Un candidat qui souhaite entreprendre une d\u00e9marche de VAE, doit n\u00e9cessairement avoir r\u00e9alis\u00e9 une ou plusieurs exp\u00e9riences en lien avec le dipl\u00f4me vis\u00e9.<\/p>\n<p>Il peut s&#8217;agir par exemple des exp\u00e9riences suivantes :<\/p>\n<ul>\n<li>Activit\u00e9 professionnelle salari\u00e9e ou non ;<\/li>\n<li>B\u00e9n\u00e9volat ou volontariat ;<\/li>\n<li>Inscription sur la liste des sportifs de haut niveau ;<\/li>\n<li>Responsabilit\u00e9s syndicales ;<\/li>\n<li>Mandat \u00e9lectoral local ou fonction \u00e9lective locale ;<\/li>\n<li>Participation \u00e0 des activit\u00e9s d&#8217;\u00e9conomie solidaire, si le candidat est accueilli et accompagn\u00e9 par un organisme assurant l&#8217;accueil et l&#8217;h\u00e9bergement de personnes en difficult\u00e9 ;<\/li>\n<li>P\u00e9riode de formation ou de stage, y compris une Pr\u00e9paration Op\u00e9rationnelle \u00e0 l\u2019Emploi (POE) ou une P\u00e9riode de Mise en Situation en Milieu Professionnel (PMSMP).<\/li>\n<\/ul>\n<p style=\"text-align: justify\">Il peut \u00e9galement r\u00e9pondre aux entreprises qui souhaitent d\u00e9velopper le dispositif de VAE pour leurs salari\u00e9.e.s. Nos conseiller.e.s vous accompagnent pour analyser la pertinence du projets de VAE, \u00e9tudier l\u2019offre de certification r\u00e9gionale et nationale correspondant \u00e0 votre profil, transmettre les contacts des certificateurs concern\u00e9s et identifier les diff\u00e9rentes possibilit\u00e9s de financement selon votre statut.<\/p>\n<p style=\"text-align: justify\">Nos conseillers et conseill\u00e8res MIFE vous informent, vous conseillent et vous accompagnent \u00e0 cette d\u00e9marche dans les diff\u00e9rentes \u00e9tapes du processus de certification.<\/p>\n<p style=\"text-align: justify\"><span style=\"color: #2e3192\"><strong><img loading=\"lazy\" class=\"alignleft wp-image-355\" src=\"https:\/\/intermife.fr\/intermifeaura\/wp-content\/uploads\/sites\/2\/2021\/05\/logoVAE-150x150.png\" alt=\"\" width=\"86\" height=\"79\" srcset=\"https:\/\/intermife.fr\/intermifeaura\/wp-content\/uploads\/sites\/2\/2021\/05\/logoVAE-300x276.png 300w, https:\/\/intermife.fr\/intermifeaura\/wp-content\/uploads\/sites\/2\/2021\/05\/logoVAE-230x211.png 230w, https:\/\/intermife.fr\/intermifeaura\/wp-content\/uploads\/sites\/2\/2021\/05\/logoVAE-350x322.png 350w, https:\/\/intermife.fr\/intermifeaura\/wp-content\/uploads\/sites\/2\/2021\/05\/logoVAE.png 357w\" sizes=\"(max-width: 86px) 100vw, 86px\" \/>Premi\u00e8re \u00e9tape : l&#8217;information<\/strong><\/span><\/p>\n<p style=\"text-align: left\">\u00catre inform\u00e9 sur cette d\u00e9marche de mani\u00e8re g\u00e9n\u00e9raliste pour comprendre le processus, les diff\u00e9rents acteurs et son cadrage. \u00catre \u00e9galement conscient.e des d\u00e9lais et de quelles exp\u00e9riences valid\u00e9es.<\/p>\n<p style=\"text-align: justify\">Cette premi\u00e8re information peut se d\u00e9rouler de mani\u00e8re individuelle \u00e0 distance ou en pr\u00e9sentiel.<\/p>\n<p style=\"text-align: justify\">Des r\u00e9unions d&#8217;information collectives sont programm\u00e9es par le r\u00e9seau des MIFE, elles se d\u00e9roulent en pr\u00e9sentiel ou en distanciel. Pour en savoir plus <a href=\"https:\/\/intermife.fr\/intermifeaura\/contact\/\" target=\"_blank\" rel=\"noopener\"><span style=\"color: #2e3192\"><strong><em>contactez nous<\/em><\/strong><\/span><\/a><\/p>\n<p><img loading=\"lazy\" class=\"alignleft wp-image-355\" src=\"https:\/\/intermife.fr\/intermifeaura\/wp-content\/uploads\/sites\/2\/2021\/05\/logoVAE-150x150.png\" alt=\"\" width=\"86\" height=\"79\" srcset=\"https:\/\/intermife.fr\/intermifeaura\/wp-content\/uploads\/sites\/2\/2021\/05\/logoVAE-300x276.png 300w, https:\/\/intermife.fr\/intermifeaura\/wp-content\/uploads\/sites\/2\/2021\/05\/logoVAE-230x211.png 230w, https:\/\/intermife.fr\/intermifeaura\/wp-content\/uploads\/sites\/2\/2021\/05\/logoVAE-350x322.png 350w, https:\/\/intermife.fr\/intermifeaura\/wp-content\/uploads\/sites\/2\/2021\/05\/logoVAE.png 357w\" sizes=\"(max-width: 86px) 100vw, 86px\" \/><span style=\"font-size: 12pt\"><strong><span style=\"color: #2e3192\">Deuxi\u00e8me \u00e9tape : l&#8217;entretien conseil<\/span><\/strong><\/span><\/p>\n<p style=\"text-align: justify\">Cet entretien conseil est un <strong>rendez vous individuel<\/strong> pour \u00e9tablir un premier diagnostic de votre parcours, de v\u00e9rifier la faisabilit\u00e9, de vous \u00e9clairer sur les certifications sur lesquelles vous pourriez vous positionner. cet \u00e9change permet de cibler une certification en lien avec votre projet professionnel et en mesurer sa pertinence en terme de strat\u00e9gie. Le\/la conseill\u00e8re vous mettra en relation avec le certificateur correspondant.<\/p>\n<p>&nbsp;<\/p>\n<p><strong><span style=\"color: #2e3192\"><img loading=\"lazy\" class=\"alignleft wp-image-355\" src=\"https:\/\/intermife.fr\/intermifeaura\/wp-content\/uploads\/sites\/2\/2021\/05\/logoVAE-300x276.png\" alt=\"\" width=\"86\" height=\"79\" srcset=\"https:\/\/intermife.fr\/intermifeaura\/wp-content\/uploads\/sites\/2\/2021\/05\/logoVAE-300x276.png 300w, https:\/\/intermife.fr\/intermifeaura\/wp-content\/uploads\/sites\/2\/2021\/05\/logoVAE-230x211.png 230w, https:\/\/intermife.fr\/intermifeaura\/wp-content\/uploads\/sites\/2\/2021\/05\/logoVAE-350x322.png 350w, https:\/\/intermife.fr\/intermifeaura\/wp-content\/uploads\/sites\/2\/2021\/05\/logoVAE.png 357w\" sizes=\"(max-width: 86px) 100vw, 86px\" \/><\/span><\/strong><\/p>\n<p><strong><span style=\"color: #2e3192\">Troisi\u00e8me \u00e9tape : la recevabilit\u00e9<\/span><\/strong><\/p>\n<p style=\"text-align: justify\">Cette \u00e9tape permet de constituer le livret de recevabilit\u00e9 qui donnera le &#8220;feu vert&#8221; \u00e0 l&#8217;entr\u00e9e dans le processus de Validation des Acquis de l&#8217;Exp\u00e9rience. il se constitue en 1 ou 2 rendez vous individuels. Ce livret permet de v\u00e9rifier la v\u00e9racit\u00e9 de vos exp\u00e9riences (administratif\/preuves) et de lister vos principales activit\u00e9s au regard du r\u00e9f\u00e9rentiel d&#8217;activit\u00e9. Ce premier livret est dans la plus part des cas d\u00e9mat\u00e9rialis\u00e9 et les d\u00e9lais sont compris entre 1 et 3 mois en moyenne.<\/p>\n<p>Vous pouvez <strong><em><span style=\"color: #2e3192\"><a style=\"color: #2e3192\" href=\"https:\/\/intermife.fr\/intermifeaura\/contact\/\" target=\"_blank\" rel=\"noopener\">prendre contact<\/a><\/span><\/em><\/strong>, nous vous guiderons dans cette d\u00e9marche.<\/p>\n<p><em>NB : nous vous accueillons \u00e0 toute \u00e9tape de votre parcours<\/em><\/p>\n<h1><strong><span style=\"font-size: 14pt;color: #2e3192\">Sch\u00e9ma du process VAE<\/span><\/strong><\/h1>\n<p><img loading=\"lazy\" class=\"alignright wp-image-2494 size-large\" src=\"https:\/\/intermife.fr\/wp-content\/uploads\/2018\/02\/ImgProcessVAE-1024x360.png\" alt=\"\" width=\"1024\" height=\"360\" \/><\/p>\n<p>&nbsp;<\/p>\n<p>Nous vous invitons \u00e0 visiter le portail de la VAE :\u00a0<a href=\"http:\/\/www.vae.gouv.fr\/\" target=\"_blank\" rel=\"noopener\"><em><strong><span style=\"color: #2e3192\">http:\/\/www.vae.gouv.fr\/<\/span><\/strong><\/em><\/a><\/p>\n<p>Nous proposons \u00e9galement des <a href=\"https:\/\/intermife.fr\/intermifeaura\/nos-prestations\/accompagnement-vae\/\" target=\"_blank\" rel=\"noopener\"><span style=\"color: #2e3192\"><em><strong>prestations d&#8217;accompagnement<\/strong><\/em><\/span><\/a><\/p>\n<p>Retrouvez ici<a href=\"https:\/\/www.via-competences.fr\/actualites\/vae-les-chiffres-cles-2024?_sc=MTIyOTkyNiMyMzUyMDI0&amp;utm_campaign=Newsletter%2BVia%2BComptences_oct2025&amp;utm_id=1250&amp;utm_medium=email&amp;utm_source=brevo\"> <span style=\"text-decoration: underline\"><span style=\"color: #333399\"><strong><em>les chiffres cl\u00e9s 2024 de la VAE en AuRA.<\/em><\/strong><\/span><\/span><\/a><\/p>\n","protected":false},"excerpt":{"rendered":"<p>Vous avez une exp\u00e9rience professionnelle mais vous n\u2019avez pas de dipl\u00f4me ? Vous souhaitez faire \u00e9voluer votre carri\u00e8re professionnelle ? La Validation des Acquis de l\u2019Exp\u00e9rience (VAE) peut r\u00e9pondre \u00e0 votre situation. Riche d\u2019une longue exp\u00e9rience en mati\u00e8re de conseil et d\u2019appui renforc\u00e9 \u00e0 la VAE, le r\u00e9seau des MIFE vous propose une guidance tout [&hellip;]<\/p>\n","protected":false},"author":3,"featured_media":0,"parent":169,"menu_order":0,"comment_status":"closed","ping_status":"closed","template":"","meta":[],"_links":{"self":[{"href":"https:\/\/intermife.fr\/intermifeaura\/wp-json\/wp\/v2\/pages\/354"}],"collection":[{"href":"https:\/\/intermife.fr\/intermifeaura\/wp-json\/wp\/v2\/pages"}],"about":[{"href":"https:\/\/intermife.fr\/intermifeaura\/wp-json\/wp\/v2\/types\/page"}],"author":[{"embeddable":true,"href":"https:\/\/intermife.fr\/intermifeaura\/wp-json\/wp\/v2\/users\/3"}],"replies":[{"embeddable":true,"href":"https:\/\/intermife.fr\/intermifeaura\/wp-json\/wp\/v2\/comments?post=354"}],"version-history":[{"count":13,"href":"https:\/\/intermife.fr\/intermifeaura\/wp-json\/wp\/v2\/pages\/354\/revisions"}],"predecessor-version":[{"id":1047,"href":"https:\/\/intermife.fr\/intermifeaura\/wp-json\/wp\/v2\/pages\/354\/revisions\/1047"}],"up":[{"embeddable":true,"href":"https:\/\/intermife.fr\/intermifeaura\/wp-json\/wp\/v2\/pages\/169"}],"wp:attachment":[{"href":"https:\/\/intermife.fr\/intermifeaura\/wp-json\/wp\/v2\/media?parent=354"}],"curies":[{"name":"wp","href":"https:\/\/api.w.org\/{rel}","templated":true}]}}