{"id":411,"date":"2021-09-30T18:21:25","date_gmt":"2021-09-30T16:21:25","guid":{"rendered":"https:\/\/intermife.fr\/intermifeaura\/?page_id=411"},"modified":"2021-09-30T18:22:03","modified_gmt":"2021-09-30T16:22:03","slug":"zoom-emploi","status":"publish","type":"page","link":"https:\/\/intermife.fr\/intermifeaura\/missions\/zoom-emploi\/","title":{"rendered":"Zoom Emploi"},"content":{"rendered":"<p style=\"text-align: justify;\">Les MIFE sur les territoires organisent en partenariat avec diff\u00e9rents acteurs des ZOOM Emploi.<\/p>\n<p style=\"text-align: justify;\">L&#8217;objectif de cette action est de d\u00e9couvrir l\u2019emploi local, les postes \u00e0 pourvoir et l\u2019offre de formation pour acc\u00e9der \u00e0 ces offres.<\/p>\n<p style=\"text-align: justify;\">Il consiste \u00e0 cr\u00e9er une dynamique territoriale autour de l\u2019emploi, et permet aux participants de d\u00e9couvrir le tissu \u00e9conomique local.<\/p>\n<p style=\"text-align: justify;\">Cette action s&#8217;adresse \u00e0 tout public adulte souhaitant trouver un emploi ou se reconvertir<\/p>\n<p style=\"text-align: justify;\">ZOOM EMPLOI est une action favorisant le rapprochement entre des demandeur.e.s et les entreprises des territoires, \u00e0 travers des visites et des t\u00e9moignages de professionnels. Elle se d\u00e9roule sous la forme de 2 jours de visites cons\u00e9cutives d\u2019entreprises et une journ\u00e9e de bilan d\u2019action.<\/p>\n<p style=\"text-align: justify;\">Un suivi \u00e0 3 mois est assur\u00e9. Fond\u00e9e sur la visite d&#8217;entreprises, de structures, de tailles et d&#8217;activit\u00e9s vari\u00e9es et sur un encadrement permanent des \u00e9quipes en charge de l\u2019action.<\/p>\n<p style=\"text-align: justify;\">Les objectifs p\u00e9dagogiques sont : Cr\u00e9er une dynamique territoriale autour de l\u2019emploi, D\u00e9couvrir le tissu \u00e9conomique local, les besoins et les attentes des employeurs, Faire \u00e9voluer son projet professionnel, Valider une nouvelle orientation professionnelle, Connaitre l\u2019offre de formation locale et les modalit\u00e9s d\u2019acc\u00e8s.<br \/>\nCes actions sont organis\u00e9es avec de nombreux partenaires : op\u00e9rateurs CEP, membres de l\u2019AIO, les organismes de formation du territoire, les collectivit\u00e9s territoriales, les Chambres consulaires et les DDETS, etc.<\/p>\n<p style=\"text-align: justify;\"><strong>Les Plus-values<\/strong><\/p>\n<p style=\"text-align: justify;\">Les rencontres rendent possibles la d\u00e9construction des barri\u00e8res qui peuvent exister, l&#8217;entreprise \u00e9tant per\u00e7ue par beaucoup comme un endroit inconnu devenu lointain. Et quelle surprise de rencontrer derri\u00e8re ces murs apparemment infranchissables des personnes accessibles !<\/p>\n<p style=\"text-align: justify;\">La p\u00e9riode de ch\u00f4mage \u00e9tant pour beaucoup une p\u00e9riode d&#8217;isolement et de doute, le fait de partager une vie de groupe sur plusieurs jours resocialise, redonne du courage et de la confiance. Dans les jours et les semaines qui suivent, les MIFE et leurs partenaires veillent \u00e0 mettre en relation les entreprises et les personnes int\u00e9ress\u00e9es par tel ou tel m\u00e9tier.<img loading=\"lazy\" class=\"alignright wp-image-413\" src=\"https:\/\/intermife.fr\/intermifeaura\/wp-content\/uploads\/sites\/2\/2021\/09\/zoom-Emploi-74-212x300.jpg\" alt=\"\" width=\"162\" height=\"229\" srcset=\"https:\/\/intermife.fr\/intermifeaura\/wp-content\/uploads\/sites\/2\/2021\/09\/zoom-Emploi-74-212x300.jpg 212w, https:\/\/intermife.fr\/intermifeaura\/wp-content\/uploads\/sites\/2\/2021\/09\/zoom-Emploi-74-724x1024.jpg 724w, https:\/\/intermife.fr\/intermifeaura\/wp-content\/uploads\/sites\/2\/2021\/09\/zoom-Emploi-74-768x1086.jpg 768w, https:\/\/intermife.fr\/intermifeaura\/wp-content\/uploads\/sites\/2\/2021\/09\/zoom-Emploi-74-1086x1536.jpg 1086w, https:\/\/intermife.fr\/intermifeaura\/wp-content\/uploads\/sites\/2\/2021\/09\/zoom-Emploi-74-830x1174.jpg 830w, https:\/\/intermife.fr\/intermifeaura\/wp-content\/uploads\/sites\/2\/2021\/09\/zoom-Emploi-74-230x325.jpg 230w, https:\/\/intermife.fr\/intermifeaura\/wp-content\/uploads\/sites\/2\/2021\/09\/zoom-Emploi-74-350x495.jpg 350w, https:\/\/intermife.fr\/intermifeaura\/wp-content\/uploads\/sites\/2\/2021\/09\/zoom-Emploi-74-480x679.jpg 480w, https:\/\/intermife.fr\/intermifeaura\/wp-content\/uploads\/sites\/2\/2021\/09\/zoom-Emploi-74.jpg 1447w\" sizes=\"(max-width: 162px) 100vw, 162px\" \/><\/p>\n<p style=\"text-align: justify;\">Et \u00e7a marche !<\/p>\n<p style=\"text-align: justify;\"><strong>Pour exemple : <\/strong><\/p>\n<p style=\"text-align: justify;\">Les 3 Rallyes dans le 74 ont fait participer 57 b\u00e9n\u00e9ficiaires en tout. Pour le 1er rallye, le suivi \u00e0 3 mois montre que 55% des DE sont en emplois et 17% en formation.<\/p>\n<p style=\"text-align: justify;\">Sur le bassin d\u2019Aubenas, le bilan \u00e0 3 mois est \u00e0 60% de sorties positives : 20% en CDI, 39% en CDD, 6% ont cr\u00e9e leur activit\u00e9, 36% sont actuellement en cours d\u2019accompagnement.<\/p>\n<p style=\"text-align: justify;\"><strong>T\u00e9moignages :<\/strong><\/p>\n<p style=\"text-align: justify;\">\u00ab \u00c7a fait du bien, \u00e7a permet une solidarit\u00e9, une appartenance collective \u00bb<\/p>\n<p style=\"text-align: justify;\">\u00ab Il est int\u00e9ressant et enrichissant de voir la face cach\u00e9e de l&#8217;entreprise \u00bb<\/p>\n<p style=\"text-align: justify;\">\u00ab On devrait faire \u00e7a plus souvent. Refaire tout le temps les CV c&#8217;est usant \u00bb<\/p>\n","protected":false},"excerpt":{"rendered":"<p>Les MIFE sur les territoires organisent en partenariat avec diff\u00e9rents acteurs des ZOOM Emploi. L&#8217;objectif de cette action est de d\u00e9couvrir l\u2019emploi local, les postes \u00e0 pourvoir et l\u2019offre de formation pour acc\u00e9der \u00e0 ces offres. Il consiste \u00e0 cr\u00e9er une dynamique territoriale autour de l\u2019emploi, et permet aux participants de d\u00e9couvrir le tissu \u00e9conomique [&hellip;]<\/p>\n","protected":false},"author":3,"featured_media":0,"parent":169,"menu_order":0,"comment_status":"closed","ping_status":"closed","template":"","meta":[],"_links":{"self":[{"href":"https:\/\/intermife.fr\/intermifeaura\/wp-json\/wp\/v2\/pages\/411"}],"collection":[{"href":"https:\/\/intermife.fr\/intermifeaura\/wp-json\/wp\/v2\/pages"}],"about":[{"href":"https:\/\/intermife.fr\/intermifeaura\/wp-json\/wp\/v2\/types\/page"}],"author":[{"embeddable":true,"href":"https:\/\/intermife.fr\/intermifeaura\/wp-json\/wp\/v2\/users\/3"}],"replies":[{"embeddable":true,"href":"https:\/\/intermife.fr\/intermifeaura\/wp-json\/wp\/v2\/comments?post=411"}],"version-history":[{"count":4,"href":"https:\/\/intermife.fr\/intermifeaura\/wp-json\/wp\/v2\/pages\/411\/revisions"}],"predecessor-version":[{"id":416,"href":"https:\/\/intermife.fr\/intermifeaura\/wp-json\/wp\/v2\/pages\/411\/revisions\/416"}],"up":[{"embeddable":true,"href":"https:\/\/intermife.fr\/intermifeaura\/wp-json\/wp\/v2\/pages\/169"}],"wp:attachment":[{"href":"https:\/\/intermife.fr\/intermifeaura\/wp-json\/wp\/v2\/media?parent=411"}],"curies":[{"name":"wp","href":"https:\/\/api.w.org\/{rel}","templated":true}]}}