{"id":595,"date":"2023-02-03T15:10:59","date_gmt":"2023-02-03T14:10:59","guid":{"rendered":"https:\/\/intermife.fr\/intermifeaura\/?page_id=595"},"modified":"2024-10-04T14:17:59","modified_gmt":"2024-10-04T12:17:59","slug":"histoire-de-vie","status":"publish","type":"page","link":"https:\/\/intermife.fr\/intermifeaura\/formations-professionnelles-du-conseil\/histoire-de-vie\/","title":{"rendered":"Histoire de vie"},"content":{"rendered":"<p><strong>L&#8217;histoire de vie en orientation et en formation<\/strong><\/p>\n<p style=\"text-align: justify;\"><span style=\"color: #0000ff;\"><strong>Objectifs<\/strong><\/span><br \/>\nAppr\u00e9hender les fondements th\u00e9oriques de l\u2019histoire de vie en formation et en orientation<br \/>\nDistinguer les enjeux de l\u2019histoire de vie en formation et en orientation<br \/>\nD\u00e9couvrir les m\u00e9thodes d\u2019histoire de vie en formation et en orientation, la &#8220;biographie \u00e9ducative&#8221; de Pierre Dominic\u00e9 et &#8220;l\u2019autobiographie raisonn\u00e9e&#8221; d\u2019Henri Desroche<\/p>\n<p style=\"text-align: justify;\"><span style=\"color: #0000ff;\"><strong>Public vis\u00e9<\/strong><\/span><br \/>\nProfessionnels de l\u2019orientation, de la formation, de l\u2019insertion et de l\u2019emploi de la r\u00e9gion Auvergne-Rh\u00f4ne-Alpes, plus particuli\u00e8rement ceux assurant des fonctions d\u2019orientation et d\u2019accompagnement<\/p>\n<p style=\"text-align: justify;\"><span style=\"color: #0000ff;\"><strong>Pr\u00e9 requis<\/strong><\/span><br \/>\nAucun pr\u00e9requis n&#8217;est exig\u00e9 pour participer \u00e0 cette formation. Il est cependant recommand\u00e9 d&#8217;avoir une premi\u00e8re exp\u00e9rience d\u2019accompagnement des personnes<\/p>\n<p><span style=\"color: #0000ff;\"><strong>Programme<\/strong><\/span><br \/>\n<strong>Jour 1 (7h<\/strong>)<br \/>\n&#8211; Histoire de l\u2019histoire de vie : approches sociologiques et \u00e9ducatives<br \/>\n&#8211; Les enjeux de l\u2019histoire de vie en \u00e9ducation : valorisation de l\u2019exp\u00e9rience et du parcours, dynamisation, conduite du changement, \u00e9laboration de projet<br \/>\n&#8211; Approche psychop\u00e9dagogique de l\u2019histoire de vie<br \/>\n&#8211; Approche didactique de l\u2019histoire de vie<br \/>\n<strong>Intersession : mise en pratique aupr\u00e8s du public (environ 5h)<\/strong><br \/>\n&#8211; Approche didactique de l&#8217;autobiographie raisonn\u00e9e<br \/>\n&#8211; Ecrire la grille &#8221; Bioscopie&#8221; en c\u00f4te \u00e0 c\u00f4te avec la personne<br \/>\n&#8211; Restituer la grille &#8220;Bioscopie&#8221; et le sens du parcours avec la personne<br \/>\n<strong>Jour 2 : retour d\u2019exp\u00e9riences (2 bioscopies r\u00e9alis\u00e9es par personne) et synth\u00e8se <\/strong><strong>en groupe (7h)<\/strong><br \/>\n&#8211; Lire la grille &#8220;Bioscopie&#8221; (rep\u00e9rer &#8220;les indicateurs existentiels&#8221;)<br \/>\n&#8211; Conditions d\u2019utilisation de l\u2019outil: points faibles\/ points forts<br \/>\n&#8211; Analyse des indicateurs des autobiographies<br \/>\n&#8211; Recherche de sens et mise en valeur du parcours au regard des projets<br \/>\n&#8211; Evaluation de la formation \u00e0 chaud<\/p>\n<p><span style=\"color: #0000ff;\"><strong>Intervenants<\/strong><\/span><br \/>\nSabrina TETE, coordinatrice r\u00e9gionale INTERMIFE Auvergne Rh\u00f4ne-Alpes. Psychologue du travail. 17 ans d\u2019exp\u00e9rience au sein du r\u00e9seau des MIFE et de pratique de l\u2019autobiographie raisonn\u00e9e.<br \/>\nMarie-Gabrielle DULAC, Directrice de la MIFE Loire Sud. Dipl\u00f4m\u00e9e en sciences de l\u2019\u00e9ducation. 20 ans d\u2019exp\u00e9rience au sein du r\u00e9seau des MIFE et de pratique de l\u2019autobiographie raisonn\u00e9e.<\/p>\n<p><span style=\"font-size: 12pt;\"><span style=\"color: #0000ff;\"><strong>M\u00e9thode d&#8217;\u00e9valuation<\/strong><\/span><br \/>\nQuestio<\/span>nnaire d\u2019auto-positionnement<br \/>\nQuestionnaire de satisfaction<br \/>\nSuivi \u00e0 distance pendant 6 mois sur la plateforme d&#8217;accompagnement<\/p>\n<p><span style=\"color: #0000ff;\"><strong>P\u00e9dagogie<\/strong><\/span><br \/>\nM\u00e9thodes participatives (travail en sous-groupes, \u00e9tude de cas, brainstorming, retour sur exp\u00e9rience\u2026)<br \/>\nAlternance d\u2019apports th\u00e9oriques et \u00e9changes de pratiques, application didactique de l\u2019outil &#8220;Autobiographie raisonn\u00e9e&#8221;<br \/>\nProduction de t\u00e2ches \u00e0 r\u00e9aliser en intersession : 2 autobiographies raisonn\u00e9es<\/p>\n<p><strong><span style=\"color: #2e3192;\"><span style=\"color: #0000ff;\">Co\u00fbt<\/span> : <\/span><\/strong>280 euros<\/p>\n<p>Sur 2 jours (14 heures) + 1 intersession (5 h)<\/p>\n<p>Les sessions en 2024 :<\/p>\n<ul>\n<li><span style=\"color: #0000ff;\"><strong>le 10\/10\/2024 \u00e0 Lyon<\/strong><\/span><\/li>\n<li><span style=\"color: #0000ff;\"><strong> le 12\/11\/2024 \u00e0 Lyon<\/strong><\/span><\/li>\n<\/ul>\n<p>&nbsp;<\/p>\n<p><a href=\"https:\/\/intermife.fr\/intermifeaura\/wp-content\/uploads\/sites\/2\/2024\/10\/FICHE_PRODUIT_Histoire_de_vie-VIntermife-2024.pdf\"><span style=\"color: #0000ff;\"><strong><em>T\u00e9l\u00e9charger la plaquette<\/em><\/strong><\/span><\/a><\/p>\n<p><a href=\"https:\/\/professionnalisation.via-competences.fr\/formation\/histoire-de-vie-en-orientation-et-en-formation\/histoire-de-vie-en-orientation-et-en-formation-22?typeStage=AUTRE\"><span style=\"color: #0000ff;\"><strong><em>Inscription sur via comp\u00e9tences<\/em><\/strong><\/span><\/a><\/p>\n<p>R\u00e9sultats des<strong> sessions 2022 et 2023<\/strong><\/p>\n<p><img loading=\"lazy\" class=\"alignnone size-full wp-image-803\" src=\"https:\/\/intermife.fr\/intermifeaura\/wp-content\/uploads\/sites\/2\/2024\/08\/resultats-histoire-de-vie-22-23.jpg\" alt=\"\" width=\"712\" height=\"538\" srcset=\"https:\/\/intermife.fr\/intermifeaura\/wp-content\/uploads\/sites\/2\/2024\/08\/resultats-histoire-de-vie-22-23.jpg 712w, https:\/\/intermife.fr\/intermifeaura\/wp-content\/uploads\/sites\/2\/2024\/08\/resultats-histoire-de-vie-22-23-300x227.jpg 300w, https:\/\/intermife.fr\/intermifeaura\/wp-content\/uploads\/sites\/2\/2024\/08\/resultats-histoire-de-vie-22-23-230x174.jpg 230w, https:\/\/intermife.fr\/intermifeaura\/wp-content\/uploads\/sites\/2\/2024\/08\/resultats-histoire-de-vie-22-23-350x264.jpg 350w, https:\/\/intermife.fr\/intermifeaura\/wp-content\/uploads\/sites\/2\/2024\/08\/resultats-histoire-de-vie-22-23-480x363.jpg 480w\" sizes=\"(max-width: 712px) 100vw, 712px\" \/><\/p>\n","protected":false},"excerpt":{"rendered":"<p>L&#8217;histoire de vie en orientation et en formation Objectifs Appr\u00e9hender les fondements th\u00e9oriques de l\u2019histoire de vie en formation et en orientation Distinguer les enjeux de l\u2019histoire de vie en formation et en orientation D\u00e9couvrir les m\u00e9thodes d\u2019histoire de vie en formation et en orientation, la &#8220;biographie \u00e9ducative&#8221; de Pierre Dominic\u00e9 et &#8220;l\u2019autobiographie raisonn\u00e9e&#8221; d\u2019Henri [&hellip;]<\/p>\n","protected":false},"author":5,"featured_media":0,"parent":629,"menu_order":0,"comment_status":"closed","ping_status":"closed","template":"","meta":[],"_links":{"self":[{"href":"https:\/\/intermife.fr\/intermifeaura\/wp-json\/wp\/v2\/pages\/595"}],"collection":[{"href":"https:\/\/intermife.fr\/intermifeaura\/wp-json\/wp\/v2\/pages"}],"about":[{"href":"https:\/\/intermife.fr\/intermifeaura\/wp-json\/wp\/v2\/types\/page"}],"author":[{"embeddable":true,"href":"https:\/\/intermife.fr\/intermifeaura\/wp-json\/wp\/v2\/users\/5"}],"replies":[{"embeddable":true,"href":"https:\/\/intermife.fr\/intermifeaura\/wp-json\/wp\/v2\/comments?post=595"}],"version-history":[{"count":12,"href":"https:\/\/intermife.fr\/intermifeaura\/wp-json\/wp\/v2\/pages\/595\/revisions"}],"predecessor-version":[{"id":901,"href":"https:\/\/intermife.fr\/intermifeaura\/wp-json\/wp\/v2\/pages\/595\/revisions\/901"}],"up":[{"embeddable":true,"href":"https:\/\/intermife.fr\/intermifeaura\/wp-json\/wp\/v2\/pages\/629"}],"wp:attachment":[{"href":"https:\/\/intermife.fr\/intermifeaura\/wp-json\/wp\/v2\/media?parent=595"}],"curies":[{"name":"wp","href":"https:\/\/api.w.org\/{rel}","templated":true}]}}