{"id":613,"date":"2023-02-09T14:17:42","date_gmt":"2023-02-09T13:17:42","guid":{"rendered":"https:\/\/intermife.fr\/intermifeaura\/?page_id=613"},"modified":"2024-09-18T14:50:47","modified_gmt":"2024-09-18T12:50:47","slug":"accompagner-les-publics-experimentes-vers-lemploi","status":"publish","type":"page","link":"https:\/\/intermife.fr\/intermifeaura\/formations-professionnelles-du-conseil\/accompagner-les-publics-experimentes-vers-lemploi\/","title":{"rendered":"Accompagner les profils exp\u00e9riment\u00e9s vers l&#8217;emploi"},"content":{"rendered":"<p><strong>Accompagner les profils exp\u00e9riment\u00e9s vers l\u2019emploi<\/strong><\/p>\n<p style=\"text-align: justify;\"><span style=\"color: #0000ff;\"><strong>Objectifs<\/strong><\/span><\/p>\n<p>Comprendre la situation de l\u2019emploi des s\u00e9niors et s\u2019approprier les sp\u00e9cificit\u00e9s du public cible pour d\u00e9ployer un accompagnement ad\u00e9quat<\/p>\n<p><strong>Objectifs p\u00e9dagogiques<\/strong><\/p>\n<p>&#8211; Mieux prendre en compte les probl\u00e9matiques des seniors<\/p>\n<p>&#8211; Communiquer sur les id\u00e9es re\u00e7ues concernant le public vis\u00e9<\/p>\n<p>&#8211; Mettre en place des actions d\u2019accompagnement prenant en compte les freins psychosociaux de la personne<\/p>\n<p>&#8211; Utiliser les outils favorables \u00e0 la co-construction du projet<\/p>\n<p>&#8211; Adopter les bons outils et la bonne posture<\/p>\n<p>&nbsp;<\/p>\n<p><span style=\"color: #0000ff;\"><strong>Public concern\u00e9<\/strong><\/span><\/p>\n<p>Professionnels de l&#8217;orientation, la formation, l\u2019emploi et l\u2019insertion de la r\u00e9gion Auvergne-Rh\u00f4ne-Alpes\u00a0; tout professionnel (op\u00e9rateurs CEP et autres) intervenant au sein des structures et institutions en charge de l\u2019accueil, de l\u2019information, du conseil et de l\u2019accompagnement de publics de +45 ans sur les th\u00e9matiques de l\u2019emploi, de l\u2019orientation, de la formation.<\/p>\n<p><strong><span style=\"color: #0000ff;\">Pr\u00e9requis<\/span><\/strong><\/p>\n<p style=\"margin: 0cm; margin-bottom: .0001pt; text-align: justify;\">Aucun pr\u00e9requis n&#8217;est exig\u00e9 pour participer \u00e0 cette formation. Il est cependant recommand\u00e9 d&#8217;avoir une premi\u00e8re exp\u00e9rience d\u2019accompagnement des personnes<\/p>\n<p><span style=\"color: #0000ff;\"><strong>Programme<\/strong><\/span><\/p>\n<p><strong>Pendant la classe virtuelle (1h en distanciel) :<\/strong><\/p>\n<ul>\n<li>Introduction : pr\u00e9sentation des intervenants et du r\u00e9seau Intermife Auvergne Rh\u00f4ne-Alpes<\/li>\n<li>Information autour de la situation de l\u2019emploi des seniors en France \/ autres pays de l\u2019OCDE et en Auvergne Rh\u00f4ne-Alpes<\/li>\n<li>Les pr\u00e9conisations relev\u00e9es par l\u2019OCDE et le rapport Bellon<\/li>\n<\/ul>\n<p>&nbsp;<\/p>\n<p><strong>Pendant la journ\u00e9e de formation (7h en pr\u00e9sentiel) :<\/strong><\/p>\n<ul>\n<li>Introduction : programme de la journ\u00e9e \u2013 Retour sur les attentes et besoins des participants<\/li>\n<li>Comprendre les freins d\u2019ordre psycho-sociaux \u00e0 la construction de parcours<\/li>\n<li>Focus sur les concepts d\u2019estime de soi et de confiance en soi, les repr\u00e9sentations, la motivation, l\u2019effet pygmalion<\/li>\n<li>La th\u00e9orie de l\u2019engagement (C.A. Kiesler, Robert-Vincent Joule et Jean-L\u00e9on Beauvois) pour permettre une mise en \u0153uvre des r\u00e9ponses<\/li>\n<li>D\u00e9ployer un accompagnement ad\u00e9quat en s\u2019inspirant de bonnes pratiques<\/li>\n<li>Les exp\u00e9rimentations mises en place au sein du r\u00e9seau MIFE<\/li>\n<\/ul>\n<p><span style=\"color: #0000ff;\"><strong>Intervenants<\/strong><\/span><\/p>\n<p><strong>Emmanuel MAQUET<\/strong>, directeur de la MIFE de l\u2019AIN. 20 ans d\u2019accompagnement de publics en difficult\u00e9s d\u2019insertion vers l\u2019emploi et plus particuli\u00e8rement en direction de publics seniors (au sein du CIDFF et de la MIFE) &#8211; 10 ans d\u2019exp\u00e9rience d\u2019animation de formation (Universit\u00e9 Lyon 1)<\/p>\n<p><strong>Sabrina TETE<\/strong>, coordinatrice r\u00e9gionale du r\u00e9seau Intermife Auvergne Rh\u00f4ne-Alpes. Psychologue du travail \u2013 17 ans d\u2019exp\u00e9rience au sein du r\u00e9seau des MIFE, r\u00e9seau sp\u00e9cialis\u00e9 dans l\u2019accompagnement des publics fragilis\u00e9s dans leur parcours.<\/p>\n<p><span style=\"color: #0000ff;\"><strong>P\u00e9dagogie<\/strong><\/span><\/p>\n<ul>\n<li>M\u00e9thode participative, en alternant travail individuel, travail en sous-groupes et restitution en pl\u00e9ni\u00e8res<\/li>\n<li>Apports th\u00e9oriques<\/li>\n<li>Ressources mises \u00e0 disposition<\/li>\n<\/ul>\n<p><span style=\"color: #0000ff;\"><strong>M\u00e9thode d&#8217;\u00e9valuation<\/strong><\/span><\/p>\n<ul>\n<li>Questionnaire de positionnement<\/li>\n<li>Quiz<\/li>\n<li>Questionnaire de satisfaction<\/li>\n<\/ul>\n<p><span style=\"color: #0000ff;\"><strong>Co\u00fbt : <\/strong><\/span>140 euros &#8211; (prix de la formation d\u00e9livr\u00e9e dans le cadre du conventionnement avec Via Comp\u00e9tences)<\/p>\n<p>Sur 1 journ\u00e9e en pr\u00e9sentiel, 1h en distanciel &#8211; 8 h<\/p>\n<p><span style=\"color: #0000ff;\"><strong>Date :<\/strong><\/span> 8 et 28 novembre 2024<\/p>\n<p><span style=\"color: #0000ff;\"><strong>Lieu :<\/strong><\/span><span style=\"color: #2e3192;\"> Clermont-Ferrand<span style=\"color: #000000;\"><br \/>\n<\/span><\/span><\/p>\n<p><span style=\"color: #0000ff;\"><em><strong><a style=\"color: #0000ff;\" href=\"https:\/\/intermife.fr\/intermifeaura\/wp-content\/uploads\/sites\/2\/2024\/09\/FICHE_PRODUIT_accompagner-les-profils-experimentes-vers-lemploi-2024.pdf\">T\u00e9l\u00e9charger la fiche produit<\/a><\/strong><\/em><\/span><\/p>\n<p><span style=\"color: #0000ff;\"><strong><a style=\"color: #0000ff;\" href=\"https:\/\/professionnalisation.via-competences.fr\/formation\/accompagner-profils-experimentes-vers-emploi\/accompagner-profils-experimentes-vers-emploi-29?typeStage=AUTRE\" target=\"_blank\" rel=\"noopener\"><em>Inscription sur via comp\u00e9tences<\/em><\/a> <\/strong><\/span><\/p>\n<p>&nbsp;<\/p>\n<p><strong><span style=\"color: #0000ff;\">R\u00e9sultats de la session 2022 &#8211; Pr\u00e9sentiel<\/span><\/strong><\/p>\n<p><img loading=\"lazy\" class=\"alignnone size-large wp-image-2889\" src=\"https:\/\/intermife.fr\/wp-content\/uploads\/2022\/11\/2022-chiffres-SENIOR-22-1024x572.jpg\" alt=\"\" width=\"1024\" height=\"572\" \/><\/p>\n","protected":false},"excerpt":{"rendered":"<p>Accompagner les profils exp\u00e9riment\u00e9s vers l\u2019emploi Objectifs Comprendre la situation de l\u2019emploi des s\u00e9niors et s\u2019approprier les sp\u00e9cificit\u00e9s du public cible pour d\u00e9ployer un accompagnement ad\u00e9quat Objectifs p\u00e9dagogiques &#8211; Mieux prendre en compte les probl\u00e9matiques des seniors &#8211; Communiquer sur les id\u00e9es re\u00e7ues concernant le public vis\u00e9 &#8211; Mettre en place des actions d\u2019accompagnement prenant [&hellip;]<\/p>\n","protected":false},"author":5,"featured_media":0,"parent":629,"menu_order":0,"comment_status":"closed","ping_status":"closed","template":"","meta":[],"_links":{"self":[{"href":"https:\/\/intermife.fr\/intermifeaura\/wp-json\/wp\/v2\/pages\/613"}],"collection":[{"href":"https:\/\/intermife.fr\/intermifeaura\/wp-json\/wp\/v2\/pages"}],"about":[{"href":"https:\/\/intermife.fr\/intermifeaura\/wp-json\/wp\/v2\/types\/page"}],"author":[{"embeddable":true,"href":"https:\/\/intermife.fr\/intermifeaura\/wp-json\/wp\/v2\/users\/5"}],"replies":[{"embeddable":true,"href":"https:\/\/intermife.fr\/intermifeaura\/wp-json\/wp\/v2\/comments?post=613"}],"version-history":[{"count":9,"href":"https:\/\/intermife.fr\/intermifeaura\/wp-json\/wp\/v2\/pages\/613\/revisions"}],"predecessor-version":[{"id":878,"href":"https:\/\/intermife.fr\/intermifeaura\/wp-json\/wp\/v2\/pages\/613\/revisions\/878"}],"up":[{"embeddable":true,"href":"https:\/\/intermife.fr\/intermifeaura\/wp-json\/wp\/v2\/pages\/629"}],"wp:attachment":[{"href":"https:\/\/intermife.fr\/intermifeaura\/wp-json\/wp\/v2\/media?parent=613"}],"curies":[{"name":"wp","href":"https:\/\/api.w.org\/{rel}","templated":true}]}}