{"id":810,"date":"2024-09-05T09:13:04","date_gmt":"2024-09-05T07:13:04","guid":{"rendered":"https:\/\/intermife.fr\/intermifeaura\/?page_id=810"},"modified":"2024-10-07T18:22:56","modified_gmt":"2024-10-07T16:22:56","slug":"accompagnement-vae-en-distanciel-2","status":"publish","type":"page","link":"https:\/\/intermife.fr\/intermifeaura\/nos-prestations\/accompagnement-vae\/accompagnement-vae-en-distanciel-2\/","title":{"rendered":"Accompagnement VAE 50h"},"content":{"rendered":"<p>VAE \u2013 ACCOMPAGNEMENT DOSSIER DE VALIDATION<\/p>\n<p style=\"text-align: center;\"><span style=\"color: #2e3192;\"><strong>OBJECTIFS<\/strong><\/span><\/p>\n<p>R\u00e9diger le dossier de faisabilit\u00e9<br \/>\nR\u00e9diger le dossier de validation : Appui m\u00e9thodologique \u00e0 la r\u00e9daction : Identifier les comp\u00e9tences \u00e0 valoriser au regard du r\u00e9f\u00e9rentiel &#8211; D\u00e9crire<br \/>\net expliciter les exp\u00e9riences les plus significatives.<br \/>\nSe pr\u00e9parer \u00e0 l&#8217;entretien avec le jury<\/p>\n<p style=\"text-align: center;\"><span style=\"color: #2e3192;\"><strong>PUBLIC\u00a0<\/strong><\/span><\/p>\n<p>Tout Public voulant s\u2019engager dans une Validation des Acquis de l\u2019exp\u00e9rience : Salari\u00e9s du secteur priv\u00e9, Demandeurs d\u2019emploi, B\u00e9n\u00e9voles,<br \/>\naidants familiaux<\/p>\n<p><strong>D\u00e9lai d\u2019acc\u00e8s\u00a0:<\/strong> Prise de connaissance de la candidature sur France VAE sous 2 jours ouvr\u00e9s et prise de contact avec le candidat sous 8<br \/>\njours ouvr\u00e9s pour fixer une date de 1er entretien<br \/>\n<strong>Dur\u00e9e : <\/strong>Accompagnement sur une dur\u00e9e de 6 \u00e0 8 mois<\/p>\n<p style=\"text-align: center;\"><span style=\"color: #2e3192;\"><strong>TARIF<\/strong><\/span><\/p>\n<p>PRISE EN CHARGE &#8211; France VAE \/ P\u00f4le Emploi<\/p>\n<p style=\"text-align: center;\"><span style=\"color: #2e3192;\"><strong>CONTENU<\/strong><\/span><\/p>\n<p><strong>Appui \u00e0 la r\u00e9daction du dossier de faisabilit\u00e9 <\/strong><\/p>\n<ul>\n<li>Co-construction du parcours de validation<\/li>\n<li>R\u00e9daction du dossier de faisabilit\u00e9<\/li>\n<li>Transmission au certificateur<\/li>\n<\/ul>\n<p><strong>Description du dossier \u00e0 remplir et analyse de l\u2019exp\u00e9rience<\/strong><\/p>\n<ul>\n<li>Pr\u00e9sentation du dossier de validation et ses diff\u00e9rentes parties<\/li>\n<li>Appropriation du r\u00e9f\u00e9rentiel de la certification et ou des blocs de comp\u00e9tences vis\u00e9s<\/li>\n<li>Aide au choix des situations professionnelles \u00e0 d\u00e9velopper<\/li>\n<\/ul>\n<p><strong>Appui \u00e0 la r\u00e9daction du dossier d\u2019exp\u00e9riences<\/strong><\/p>\n<ul>\n<li>Pr\u00e9sentation de son cadre d\u2019intervention, son organisation de travail et d\u00e9finir sa fonction, ses missions<\/li>\n<li>Choix des activit\u00e9s ou des situations professionnelles les plus significatives<\/li>\n<li>Accompagnement dans l\u2019explicitation des situations<\/li>\n<li>Lecture et corrections des \u00e9crits r\u00e9alis\u00e9s<\/li>\n<li>Guidance tout au long de la r\u00e9daction du dossier d\u2019exp\u00e9riences : apports m\u00e9thodologiques, points d\u2019\u00e9tape de la r\u00e9daction, apporter des conseils r\u00e9dactionnels etc. \u2026<\/li>\n<li>Appui technique : mise en page, insertion d\u2019objet, etc.<\/li>\n<li>Aide \u00e0 l\u2019\u00e9laboration d\u2019une bibliographie<\/li>\n<li>Maintien de la mobilisation tout au long du parcours<\/li>\n<\/ul>\n<p><strong>Pr\u00e9paration au jury<\/strong><\/p>\n<ul>\n<li>Identification des points importants \u00e0 transmettre lors du passage devant le jury<\/li>\n<li>Apports th\u00e9oriques<\/li>\n<li>Entrainement du candidat \u00e0 pr\u00e9senter son exp\u00e9rience, ses comp\u00e9tences et motivations pour le projet.<\/li>\n<li>Analyse du r\u00e9sultat et des pr\u00e9conisations du jury<\/li>\n<li>Elaboration d\u2019un plan d\u2019action<\/li>\n<\/ul>\n<p style=\"text-align: center;\"><span style=\"color: #2e3192;\"><strong>MODALIT\u00c9S P\u00c9DAGOGIQUES<\/strong><\/span><\/p>\n<ul>\n<li>Le participant est accompagn\u00e9 par un Architecte Accompagnateur de Parcours (AAP) conseiller\/r\u00e9f\u00e9rent unique, expert en VAE, tout au long de son parcours<\/li>\n<li>L\u2019accompagnement s\u2019organise sous forme d&#8217;entretiens individuels (en pr\u00e9sentiel et\/ou \u00e0 distance) et d&#8217;ateliers collectifs.<\/li>\n<li>Entretiens d\u2019exploration de l\u2019exp\u00e9rience et d\u2019explicitation des activit\u00e9s<\/li>\n<li>Simulations d\u2019entretiens pour la pr\u00e9paration du candidat au jury<\/li>\n<li>P\u00e9dagogie active et participative<\/li>\n<\/ul>\n<p style=\"text-align: center;\"><span style=\"color: #2e3192;\"><strong>\u00c9VALUATION<\/strong><\/span><\/p>\n<p>Tout au long du parcours en fonction des objectifs d\u00e9finis lors de l\u2019entretien de diagnostic, et enqu\u00eate de satisfaction<\/p>\n<p>Pour plus d&#8217;informations <strong><em>nous contacter<\/em><\/strong><\/p>\n<p><span style=\"font-size: 14pt;\"><a href=\"https:\/\/intermife.fr\/intermifeaura\/wp-content\/uploads\/sites\/2\/2024\/10\/FICHE_PRODUIT_FRANCE-VAE-082024.pdf\" target=\"_blank\" rel=\"noopener\"><span style=\"color: #2e3192;\"><em><strong>T\u00e9l\u00e9charger la plaquette<\/strong><\/em><\/span><\/a><\/span><\/p>\n<p><span style=\"color: #333399; font-size: 14pt;\"><strong><em><a style=\"color: #333399;\" href=\"https:\/\/vae.gouv.fr\/\">Inscription sur France VAE<\/a><\/em><\/strong><\/span><\/p>\n","protected":false},"excerpt":{"rendered":"<p>VAE \u2013 ACCOMPAGNEMENT DOSSIER DE VALIDATION OBJECTIFS R\u00e9diger le dossier de faisabilit\u00e9 R\u00e9diger le dossier de validation : Appui m\u00e9thodologique \u00e0 la r\u00e9daction : Identifier les comp\u00e9tences \u00e0 valoriser au regard du r\u00e9f\u00e9rentiel &#8211; D\u00e9crire et expliciter les exp\u00e9riences les plus significatives. Se pr\u00e9parer \u00e0 l&#8217;entretien avec le jury PUBLIC\u00a0 Tout Public voulant s\u2019engager dans [&hellip;]<\/p>\n","protected":false},"author":8,"featured_media":0,"parent":127,"menu_order":0,"comment_status":"closed","ping_status":"closed","template":"","meta":[],"_links":{"self":[{"href":"https:\/\/intermife.fr\/intermifeaura\/wp-json\/wp\/v2\/pages\/810"}],"collection":[{"href":"https:\/\/intermife.fr\/intermifeaura\/wp-json\/wp\/v2\/pages"}],"about":[{"href":"https:\/\/intermife.fr\/intermifeaura\/wp-json\/wp\/v2\/types\/page"}],"author":[{"embeddable":true,"href":"https:\/\/intermife.fr\/intermifeaura\/wp-json\/wp\/v2\/users\/8"}],"replies":[{"embeddable":true,"href":"https:\/\/intermife.fr\/intermifeaura\/wp-json\/wp\/v2\/comments?post=810"}],"version-history":[{"count":13,"href":"https:\/\/intermife.fr\/intermifeaura\/wp-json\/wp\/v2\/pages\/810\/revisions"}],"predecessor-version":[{"id":910,"href":"https:\/\/intermife.fr\/intermifeaura\/wp-json\/wp\/v2\/pages\/810\/revisions\/910"}],"up":[{"embeddable":true,"href":"https:\/\/intermife.fr\/intermifeaura\/wp-json\/wp\/v2\/pages\/127"}],"wp:attachment":[{"href":"https:\/\/intermife.fr\/intermifeaura\/wp-json\/wp\/v2\/media?parent=810"}],"curies":[{"name":"wp","href":"https:\/\/api.w.org\/{rel}","templated":true}]}}