{"id":825,"date":"2024-09-05T09:35:16","date_gmt":"2024-09-05T07:35:16","guid":{"rendered":"https:\/\/intermife.fr\/intermifeaura\/?page_id=825"},"modified":"2024-09-18T10:46:47","modified_gmt":"2024-09-18T08:46:47","slug":"accompagnement-vae-en-distanciel-3","status":"publish","type":"page","link":"https:\/\/intermife.fr\/intermifeaura\/nos-prestations\/accompagnement-vae\/accompagnement-vae-en-distanciel-3\/","title":{"rendered":"R\u00e9sultats VAE 2022"},"content":{"rendered":"<p style=\"text-align: center;\"><span style=\"color: #2e3192;\"><strong>R\u00e9sultats VAE 2022<\/strong><\/span><\/p>\n<p>&nbsp;<\/p>\n<table style=\"width: 38.3679%;\" width=\"483\">\n<tbody>\n<tr>\n<td style=\"width: 62.7368%;\" width=\"197\"><span style=\"color: #0000ff;\"><strong>R\u00e9sultats dipl\u00f4mes VAE 2022<\/strong><\/span><\/td>\n<td style=\"width: 11.7067%;\" width=\"83\"><\/td>\n<td style=\"width: 13.767%;\" width=\"120\"><\/td>\n<td style=\"width: 36.096%;\" width=\"83\"><\/td>\n<\/tr>\n<tr>\n<td style=\"width: 62.7368%;\"><\/td>\n<td style=\"width: 11.7067%;\"><\/td>\n<td style=\"width: 13.767%;\"><\/td>\n<td style=\"width: 36.096%;\"><\/td>\n<\/tr>\n<tr>\n<td style=\"width: 62.7368%;\" width=\"197\"><strong>Dipl\u00f4me pr\u00e9par\u00e9<\/strong><\/td>\n<td style=\"width: 11.7067%;\"><strong>Nombre<\/strong><\/td>\n<td style=\"width: 13.767%;\" width=\"120\"><strong>Taux de r\u00e9ussite<\/strong><\/td>\n<td style=\"width: 36.096%;\" width=\"83\"><strong>Taux\u00a0 validation partielle<\/strong><\/td>\n<\/tr>\n<tr>\n<td style=\"width: 62.7368%;\">BTS COMMUNICATION<\/td>\n<td style=\"width: 11.7067%;\">1<\/td>\n<td style=\"width: 13.767%;\">100%<\/td>\n<td style=\"width: 36.096%;\">0<\/td>\n<\/tr>\n<\/tbody>\n<\/table>\n<p>&nbsp;<\/p>\n<p><strong>100% tr\u00e8s<\/strong> <strong>satisfait <\/strong><\/p>\n<ul>\n<li>du contenu de l\u2019accompagnement et des supports utilis\u00e9s,<\/li>\n<li>des ressources mises \u00e0 votre disposition,<\/li>\n<li>de l\u2019aide m\u00e9thodologique,<\/li>\n<li>du rythme et de la dur\u00e9e de l\u2019accompagnement,<\/li>\n<li>de l\u2019organisation de l\u2019accompagnement<\/li>\n<\/ul>\n<p><strong>100% recommande l\u2019accompagnement<\/strong><\/p>\n","protected":false},"excerpt":{"rendered":"<p>R\u00e9sultats VAE 2022 &nbsp; R\u00e9sultats dipl\u00f4mes VAE 2022 Dipl\u00f4me pr\u00e9par\u00e9 Nombre Taux de r\u00e9ussite Taux\u00a0 validation partielle BTS COMMUNICATION 1 100% 0 &nbsp; 100% tr\u00e8s satisfait du contenu de l\u2019accompagnement et des supports utilis\u00e9s, des ressources mises \u00e0 votre disposition, de l\u2019aide m\u00e9thodologique, du rythme et de la dur\u00e9e de l\u2019accompagnement, de l\u2019organisation de l\u2019accompagnement [&hellip;]<\/p>\n","protected":false},"author":8,"featured_media":0,"parent":127,"menu_order":0,"comment_status":"closed","ping_status":"closed","template":"","meta":[],"_links":{"self":[{"href":"https:\/\/intermife.fr\/intermifeaura\/wp-json\/wp\/v2\/pages\/825"}],"collection":[{"href":"https:\/\/intermife.fr\/intermifeaura\/wp-json\/wp\/v2\/pages"}],"about":[{"href":"https:\/\/intermife.fr\/intermifeaura\/wp-json\/wp\/v2\/types\/page"}],"author":[{"embeddable":true,"href":"https:\/\/intermife.fr\/intermifeaura\/wp-json\/wp\/v2\/users\/8"}],"replies":[{"embeddable":true,"href":"https:\/\/intermife.fr\/intermifeaura\/wp-json\/wp\/v2\/comments?post=825"}],"version-history":[{"count":5,"href":"https:\/\/intermife.fr\/intermifeaura\/wp-json\/wp\/v2\/pages\/825\/revisions"}],"predecessor-version":[{"id":872,"href":"https:\/\/intermife.fr\/intermifeaura\/wp-json\/wp\/v2\/pages\/825\/revisions\/872"}],"up":[{"embeddable":true,"href":"https:\/\/intermife.fr\/intermifeaura\/wp-json\/wp\/v2\/pages\/127"}],"wp:attachment":[{"href":"https:\/\/intermife.fr\/intermifeaura\/wp-json\/wp\/v2\/media?parent=825"}],"curies":[{"name":"wp","href":"https:\/\/api.w.org\/{rel}","templated":true}]}}