{"id":1526,"date":"2022-09-08T11:26:36","date_gmt":"2022-09-08T09:26:36","guid":{"rendered":"https:\/\/intermife.fr\/intra\/?page_id=1526"},"modified":"2022-09-08T11:26:36","modified_gmt":"2022-09-08T09:26:36","slug":"fiches-produits","status":"publish","type":"page","link":"https:\/\/intermife.fr\/intra\/fiches-produits\/","title":{"rendered":"FICHES PRODUITS"},"content":{"rendered":"Vous devez \u00eatre connect\u00e9 pour voir ce contenu.","protected":false},"excerpt":{"rendered":"Vous devez \u00eatre connect\u00e9 pour voir ce contenu.","protected":false},"author":53,"featured_media":0,"parent":0,"menu_order":0,"comment_status":"closed","ping_status":"closed","template":"","meta":[],"_links":{"self":[{"href":"https:\/\/intermife.fr\/intra\/wp-json\/wp\/v2\/pages\/1526"}],"collection":[{"href":"https:\/\/intermife.fr\/intra\/wp-json\/wp\/v2\/pages"}],"about":[{"href":"https:\/\/intermife.fr\/intra\/wp-json\/wp\/v2\/types\/page"}],"author":[{"embeddable":true,"href":"https:\/\/intermife.fr\/intra\/wp-json\/wp\/v2\/users\/53"}],"replies":[{"embeddable":true,"href":"https:\/\/intermife.fr\/intra\/wp-json\/wp\/v2\/comments?post=1526"}],"version-history":[{"count":1,"href":"https:\/\/intermife.fr\/intra\/wp-json\/wp\/v2\/pages\/1526\/revisions"}],"predecessor-version":[{"id":1528,"href":"https:\/\/intermife.fr\/intra\/wp-json\/wp\/v2\/pages\/1526\/revisions\/1528"}],"wp:attachment":[{"href":"https:\/\/intermife.fr\/intra\/wp-json\/wp\/v2\/media?parent=1526"}],"curies":[{"name":"wp","href":"https:\/\/api.w.org\/{rel}","templated":true}]}}