{"id":1698,"date":"2023-01-20T11:01:26","date_gmt":"2023-01-20T10:01:26","guid":{"rendered":"https:\/\/intermife.fr\/intra\/?page_id=1698"},"modified":"2023-01-20T11:01:26","modified_gmt":"2023-01-20T10:01:26","slug":"iod-transfer","status":"publish","type":"page","link":"https:\/\/intermife.fr\/intra\/iod-transfer\/","title":{"rendered":"IOD TRANSFER"},"content":{"rendered":"Vous devez \u00eatre connect\u00e9 pour voir ce contenu.","protected":false},"excerpt":{"rendered":"Vous devez \u00eatre connect\u00e9 pour voir ce contenu.","protected":false},"author":53,"featured_media":0,"parent":0,"menu_order":0,"comment_status":"closed","ping_status":"closed","template":"","meta":[],"_links":{"self":[{"href":"https:\/\/intermife.fr\/intra\/wp-json\/wp\/v2\/pages\/1698"}],"collection":[{"href":"https:\/\/intermife.fr\/intra\/wp-json\/wp\/v2\/pages"}],"about":[{"href":"https:\/\/intermife.fr\/intra\/wp-json\/wp\/v2\/types\/page"}],"author":[{"embeddable":true,"href":"https:\/\/intermife.fr\/intra\/wp-json\/wp\/v2\/users\/53"}],"replies":[{"embeddable":true,"href":"https:\/\/intermife.fr\/intra\/wp-json\/wp\/v2\/comments?post=1698"}],"version-history":[{"count":1,"href":"https:\/\/intermife.fr\/intra\/wp-json\/wp\/v2\/pages\/1698\/revisions"}],"predecessor-version":[{"id":1700,"href":"https:\/\/intermife.fr\/intra\/wp-json\/wp\/v2\/pages\/1698\/revisions\/1700"}],"wp:attachment":[{"href":"https:\/\/intermife.fr\/intra\/wp-json\/wp\/v2\/media?parent=1698"}],"curies":[{"name":"wp","href":"https:\/\/api.w.org\/{rel}","templated":true}]}}