{"id":1747,"date":"2023-01-23T11:24:00","date_gmt":"2023-01-23T10:24:00","guid":{"rendered":"https:\/\/intermife.fr\/intra\/?page_id=1747"},"modified":"2024-02-01T10:16:24","modified_gmt":"2024-02-01T09:16:24","slug":"veille-documentaire","status":"publish","type":"page","link":"https:\/\/intermife.fr\/intra\/veille-legale-et-reglementaire\/veille-documentaire\/","title":{"rendered":"VEILLE DOCUMENTAIRE"},"content":{"rendered":"Vous devez \u00eatre connect\u00e9 pour voir ce contenu.","protected":false},"excerpt":{"rendered":"Vous devez \u00eatre connect\u00e9 pour voir ce contenu.","protected":false},"author":53,"featured_media":0,"parent":1749,"menu_order":0,"comment_status":"closed","ping_status":"closed","template":"","meta":[],"_links":{"self":[{"href":"https:\/\/intermife.fr\/intra\/wp-json\/wp\/v2\/pages\/1747"}],"collection":[{"href":"https:\/\/intermife.fr\/intra\/wp-json\/wp\/v2\/pages"}],"about":[{"href":"https:\/\/intermife.fr\/intra\/wp-json\/wp\/v2\/types\/page"}],"author":[{"embeddable":true,"href":"https:\/\/intermife.fr\/intra\/wp-json\/wp\/v2\/users\/53"}],"replies":[{"embeddable":true,"href":"https:\/\/intermife.fr\/intra\/wp-json\/wp\/v2\/comments?post=1747"}],"version-history":[{"count":9,"href":"https:\/\/intermife.fr\/intra\/wp-json\/wp\/v2\/pages\/1747\/revisions"}],"predecessor-version":[{"id":2164,"href":"https:\/\/intermife.fr\/intra\/wp-json\/wp\/v2\/pages\/1747\/revisions\/2164"}],"up":[{"embeddable":true,"href":"https:\/\/intermife.fr\/intra\/wp-json\/wp\/v2\/pages\/1749"}],"wp:attachment":[{"href":"https:\/\/intermife.fr\/intra\/wp-json\/wp\/v2\/media?parent=1747"}],"curies":[{"name":"wp","href":"https:\/\/api.w.org\/{rel}","templated":true}]}}