{"id":1749,"date":"2023-01-23T11:24:00","date_gmt":"2023-01-23T10:24:00","guid":{"rendered":"https:\/\/intermife.fr\/intra\/?page_id=1749"},"modified":"2023-01-23T11:24:00","modified_gmt":"2023-01-23T10:24:00","slug":"veille-legale-et-reglementaire","status":"publish","type":"page","link":"https:\/\/intermife.fr\/intra\/veille-legale-et-reglementaire\/","title":{"rendered":"Veille l\u00e9gale et r\u00e9glementaire"},"content":{"rendered":"Vous devez \u00eatre connect\u00e9 pour voir ce contenu.","protected":false},"excerpt":{"rendered":"Vous devez \u00eatre connect\u00e9 pour voir ce contenu.","protected":false},"author":53,"featured_media":0,"parent":0,"menu_order":0,"comment_status":"closed","ping_status":"closed","template":"","meta":[],"_links":{"self":[{"href":"https:\/\/intermife.fr\/intra\/wp-json\/wp\/v2\/pages\/1749"}],"collection":[{"href":"https:\/\/intermife.fr\/intra\/wp-json\/wp\/v2\/pages"}],"about":[{"href":"https:\/\/intermife.fr\/intra\/wp-json\/wp\/v2\/types\/page"}],"author":[{"embeddable":true,"href":"https:\/\/intermife.fr\/intra\/wp-json\/wp\/v2\/users\/53"}],"replies":[{"embeddable":true,"href":"https:\/\/intermife.fr\/intra\/wp-json\/wp\/v2\/comments?post=1749"}],"version-history":[{"count":1,"href":"https:\/\/intermife.fr\/intra\/wp-json\/wp\/v2\/pages\/1749\/revisions"}],"predecessor-version":[{"id":1753,"href":"https:\/\/intermife.fr\/intra\/wp-json\/wp\/v2\/pages\/1749\/revisions\/1753"}],"wp:attachment":[{"href":"https:\/\/intermife.fr\/intra\/wp-json\/wp\/v2\/media?parent=1749"}],"curies":[{"name":"wp","href":"https:\/\/api.w.org\/{rel}","templated":true}]}}