{"id":217,"date":"2020-06-11T12:09:37","date_gmt":"2020-06-11T10:09:37","guid":{"rendered":"https:\/\/intermife.fr\/blog\/?page_id=217"},"modified":"2020-06-11T12:11:20","modified_gmt":"2020-06-11T10:11:20","slug":"marss","status":"publish","type":"page","link":"https:\/\/intermife.fr\/intra\/marss\/","title":{"rendered":"MARSS"},"content":{"rendered":"Vous devez \u00eatre connect\u00e9 pour voir ce contenu.","protected":false},"excerpt":{"rendered":"Vous devez \u00eatre connect\u00e9 pour voir ce contenu.","protected":false},"author":1,"featured_media":0,"parent":0,"menu_order":0,"comment_status":"closed","ping_status":"closed","template":"","meta":[],"_links":{"self":[{"href":"https:\/\/intermife.fr\/intra\/wp-json\/wp\/v2\/pages\/217"}],"collection":[{"href":"https:\/\/intermife.fr\/intra\/wp-json\/wp\/v2\/pages"}],"about":[{"href":"https:\/\/intermife.fr\/intra\/wp-json\/wp\/v2\/types\/page"}],"author":[{"embeddable":true,"href":"https:\/\/intermife.fr\/intra\/wp-json\/wp\/v2\/users\/1"}],"replies":[{"embeddable":true,"href":"https:\/\/intermife.fr\/intra\/wp-json\/wp\/v2\/comments?post=217"}],"version-history":[{"count":5,"href":"https:\/\/intermife.fr\/intra\/wp-json\/wp\/v2\/pages\/217\/revisions"}],"predecessor-version":[{"id":224,"href":"https:\/\/intermife.fr\/intra\/wp-json\/wp\/v2\/pages\/217\/revisions\/224"}],"wp:attachment":[{"href":"https:\/\/intermife.fr\/intra\/wp-json\/wp\/v2\/media?parent=217"}],"curies":[{"name":"wp","href":"https:\/\/api.w.org\/{rel}","templated":true}]}}