{"id":92,"date":"2020-06-08T17:53:28","date_gmt":"2020-06-08T15:53:28","guid":{"rendered":"http:\/\/127.0.0.1\/mooc\/?page_id=92"},"modified":"2020-06-09T20:39:46","modified_gmt":"2020-06-09T18:39:46","slug":"vae","status":"publish","type":"page","link":"https:\/\/intermife.fr\/intra\/vae\/","title":{"rendered":"VAE"},"content":{"rendered":"Vous devez \u00eatre connect\u00e9 pour voir ce contenu.","protected":false},"excerpt":{"rendered":"Vous devez \u00eatre connect\u00e9 pour voir ce contenu.","protected":false},"author":1,"featured_media":0,"parent":0,"menu_order":0,"comment_status":"closed","ping_status":"closed","template":"","meta":[],"_links":{"self":[{"href":"https:\/\/intermife.fr\/intra\/wp-json\/wp\/v2\/pages\/92"}],"collection":[{"href":"https:\/\/intermife.fr\/intra\/wp-json\/wp\/v2\/pages"}],"about":[{"href":"https:\/\/intermife.fr\/intra\/wp-json\/wp\/v2\/types\/page"}],"author":[{"embeddable":true,"href":"https:\/\/intermife.fr\/intra\/wp-json\/wp\/v2\/users\/1"}],"replies":[{"embeddable":true,"href":"https:\/\/intermife.fr\/intra\/wp-json\/wp\/v2\/comments?post=92"}],"version-history":[{"count":18,"href":"https:\/\/intermife.fr\/intra\/wp-json\/wp\/v2\/pages\/92\/revisions"}],"predecessor-version":[{"id":186,"href":"https:\/\/intermife.fr\/intra\/wp-json\/wp\/v2\/pages\/92\/revisions\/186"}],"wp:attachment":[{"href":"https:\/\/intermife.fr\/intra\/wp-json\/wp\/v2\/media?parent=92"}],"curies":[{"name":"wp","href":"https:\/\/api.w.org\/{rel}","templated":true}]}}